{"id":1361,"date":"2018-01-22T08:51:34","date_gmt":"2018-01-22T07:51:34","guid":{"rendered":"https:\/\/www.entergislaved.se\/?page_id=1361"},"modified":"2024-03-11T12:56:47","modified_gmt":"2024-03-11T11:56:47","slug":"about-us","status":"publish","type":"page","link":"https:\/\/www.entergislaved.se\/en\/about-us\/","title":{"rendered":"About Us"},"content":{"rendered":"<div class=\"wpb-content-wrapper\"><p>[vc_row el_class=&#8221;puff-subpage-3&#8243;][vc_column width=&#8221;2\/3&#8243;][vc_column_text css=&#8221;.vc_custom_1680103028598{margin-bottom: 30px !important;}&#8221;]<\/p>\n<h1>A fast and flexible partner in Gislaved<\/h1>\n<p><strong>Enter Gislaved is a municipal company with the task of developing the competitiveness of the retail, hospitality and business sectors in Gislaved Municipality and the Gnosj\u00f6 region. We\u2019re here for you if you want to start a business, develop your operations or base your business in Gislaved Municipality..<\/strong>[\/vc_column_text]\n    <a href=\"https:\/\/www.entergislaved.se\/en\/industri\/\" class=\"image-block-entrance\" aria-label=\"Industry\">\n      <span role=\"img\" aria-label=\"\" class=\"image-block-entrance__image\" style=\"background-image: url(https:\/\/www.entergislaved.se\/wp-content\/uploads\/2022\/05\/Industri-scaled.jpg);\"><\/span>\n      <div class=\"image-block-entrance__link-text\"><i class=\"icon-arrow\"><\/i>Industry<\/div>\n    <\/a>\n  \n    <a href=\"https:\/\/www.entergislaved.se\/en\/retail\/\" class=\"image-block-entrance\" aria-label=\"Retail\">\n      <span role=\"img\" aria-label=\"\" class=\"image-block-entrance__image\" style=\"background-image: url(https:\/\/www.entergislaved.se\/wp-content\/uploads\/2022\/05\/Handel.jpg);\"><\/span>\n      <div class=\"image-block-entrance__link-text\"><i class=\"icon-arrow\"><\/i>Retail<\/div>\n    <\/a>\n  \n    <a href=\"https:\/\/www.entergislaved.se\/en\/tourism\/\" class=\"image-block-entrance\" aria-label=\"Tourism\">\n      <span role=\"img\" aria-label=\"\" class=\"image-block-entrance__image\" style=\"background-image: url(https:\/\/www.entergislaved.se\/wp-content\/uploads\/2022\/05\/Turism.jpg);\"><\/span>\n      <div class=\"image-block-entrance__link-text\"><i class=\"icon-arrow\"><\/i>Tourism<\/div>\n    <\/a>\n  \n    <a href=\"https:\/\/www.entergislaved.se\/en\/science-park\/\" class=\"image-block-entrance\" aria-label=\"Science Park\">\n      <span role=\"img\" aria-label=\"\" class=\"image-block-entrance__image\" style=\"background-image: url(https:\/\/www.entergislaved.se\/wp-content\/uploads\/2024\/03\/SP-puff.jpg);\"><\/span>\n      <div class=\"image-block-entrance__link-text\"><i class=\"icon-arrow\"><\/i>Science Park<\/div>\n    <\/a>\n  \n    <a href=\"https:\/\/www.entergislaved.se\/en\/green-industries\/\" class=\"image-block-entrance\" aria-label=\"Green Industries\">\n      <span role=\"img\" aria-label=\"\" class=\"image-block-entrance__image\" style=\"background-image: url(https:\/\/www.entergislaved.se\/wp-content\/uploads\/2022\/05\/grona-naringar-scaled.jpg);\"><\/span>\n      <div class=\"image-block-entrance__link-text\"><i class=\"icon-arrow\"><\/i>Green Industries<\/div>\n    <\/a>\n  \n    <a href=\"https:\/\/www.entergislaved.se\/en\/female-leadership\/\" class=\"image-block-entrance\" aria-label=\"Female Leadership\">\n      <span role=\"img\" aria-label=\"\" class=\"image-block-entrance__image\" style=\"background-image: url(https:\/\/www.entergislaved.se\/wp-content\/uploads\/2022\/05\/Kvinnligt-ledarskap-scaled.jpg);\"><\/span>\n      <div class=\"image-block-entrance__link-text\"><i class=\"icon-arrow\"><\/i>Female Leadership<\/div>\n    <\/a>\n  \n    <a href=\"https:\/\/www.entergislaved.se\/en\/competence-development\/\" class=\"image-block-entrance\" aria-label=\"Competence development\">\n      <span role=\"img\" aria-label=\"\" class=\"image-block-entrance__image\" style=\"background-image: url(https:\/\/www.entergislaved.se\/wp-content\/uploads\/2023\/09\/72-dpi_ApoS-AM-3202.jpg);\"><\/span>\n      <div class=\"image-block-entrance__link-text\"><i class=\"icon-arrow\"><\/i>Competence development<\/div>\n    <\/a>\n  [\/vc_column][vc_column width=&#8221;1\/3&#8243;]\n  <div class=\"subpage-contact-container custom-sidebar-block\">\n    <div class=\"subpage-contact-title\">\n      <h3>Contact us<\/h3>\n    <\/div>\n    <div class=\"subpage-contact-information-wrap\">\n      <div class=\"subpage-contact-single-info\">Stortorget 2<\/div>\n      <div class=\"subpage-contact-single-info\">332 30 Gislaved<\/div>\n      <div class=\"subpage-contact-single-info\"><a href=\"mailto:info@entergislaved.se\">info@entergislaved.se<\/a><\/div>\n      <div class=\"-single-info\"><a href=\"tel:+4637180600\">+46 371-806 00<\/a><\/div>\n      <div class=\"subpage-contact-single-info\"><\/div>\n    <\/div>\n  <\/div>\n  \n  <div class=\"subpage-extra-link-container custom-sidebar-block\">\n    <div class=\"subpage-extra-link-title\">\n      <h3>Good to know<\/h3>\n    <\/div>\n    <div class=\"subpage-extra-link-single\">\n      <a href=\"https:\/\/vastrasmaland.se\/sv\/\"><strong>Visit &amp; experience<\/strong> activities, attractions, accommodations, and events worth experiencing.<\/a>\n      <a href=\"https:\/\/sjoriket.se\/\"><strong>Sm\u00e5land's Lake District<\/strong> \u2013 a kingdom open to all<\/a>\n      <a href=\"https:\/\/visitfegen.se\/\"><strong>Visit Fegen<\/strong> \u2013 with opportunities for active outdoor life<\/a>\n      <a href=\"https:\/\/www.naturkartan.se\/sv\/search?query=gislaved\"><strong>Naturkartan<\/strong> \u2013 your guide to nature<\/a>\n      \n      \n      \n      \n      \n    <\/div>\n  <\/div>\n  [\/vc_column][\/vc_row]<\/p>\n<\/div>","protected":false},"excerpt":{"rendered":"<p>[vc_row el_class=&#8221;puff-subpage-3&#8243;][vc_column width=&#8221;2\/3&#8243;][vc_column_text css=&#8221;.vc_custom_1680103028598{margin-bottom: 30px !important;}&#8221;] A fast and flexible partner in Gislaved Enter Gislaved is a municipal company with the task of developing the competitiveness of the retail, hospitality and business sectors in Gislaved Municipality and the Gnosj\u00f6 region. We\u2019re here for you if you want to start a business, develop your operations or [&hellip;]<\/p>\n","protected":false},"author":1,"featured_media":7182,"parent":0,"menu_order":0,"comment_status":"closed","ping_status":"closed","template":"","meta":{"_acf_changed":false,"footnotes":""},"class_list":["post-1361","page","type-page","status-publish","has-post-thumbnail","hentry"],"acf":[],"yoast_head":"<!-- This site is optimized with the Yoast SEO plugin v27.4 - https:\/\/yoast.com\/product\/yoast-seo-wordpress\/ -->\n<title>About Us - Enter Gislaved<\/title>\n<meta name=\"description\" content=\"Enter Gislaved \u00e4r ett kommunalt bolag i Gislaved med uppdrag att utveckla konkurrenskraft f\u00f6r handel, bes\u00f6ksn\u00e4ring och n\u00e4ringsliv.\" \/>\n<meta name=\"robots\" content=\"index, follow, max-snippet:-1, max-image-preview:large, max-video-preview:-1\" \/>\n<link rel=\"canonical\" href=\"https:\/\/www.entergislaved.se\/en\/about-us\/\" \/>\n<meta property=\"og:locale\" content=\"en_US\" \/>\n<meta property=\"og:type\" content=\"article\" \/>\n<meta property=\"og:title\" content=\"About Us - Enter Gislaved\" \/>\n<meta property=\"og:description\" content=\"Enter Gislaved \u00e4r ett kommunalt bolag i Gislaved med uppdrag att utveckla konkurrenskraft f\u00f6r handel, bes\u00f6ksn\u00e4ring och n\u00e4ringsliv.\" \/>\n<meta property=\"og:url\" content=\"https:\/\/www.entergislaved.se\/en\/about-us\/\" \/>\n<meta property=\"og:site_name\" content=\"Enter Gislaved\" \/>\n<meta property=\"article:modified_time\" content=\"2024-03-11T11:56:47+00:00\" \/>\n<meta property=\"og:image\" content=\"https:\/\/www.entergislaved.se\/wp-content\/uploads\/2024\/03\/Om-oss_ny-header.jpg\" \/>\n\t<meta property=\"og:image:width\" content=\"2560\" \/>\n\t<meta property=\"og:image:height\" content=\"1027\" \/>\n\t<meta property=\"og:image:type\" content=\"image\/jpeg\" \/>\n<meta name=\"twitter:card\" content=\"summary_large_image\" \/>\n<meta name=\"twitter:label1\" content=\"Est. reading time\" \/>\n\t<meta name=\"twitter:data1\" content=\"3 minutes\" \/>\n<script type=\"application\/ld+json\" class=\"yoast-schema-graph\">{\"@context\":\"https:\\\/\\\/schema.org\",\"@graph\":[{\"@type\":\"WebPage\",\"@id\":\"https:\\\/\\\/www.entergislaved.se\\\/en\\\/about-us\\\/\",\"url\":\"https:\\\/\\\/www.entergislaved.se\\\/en\\\/about-us\\\/\",\"name\":\"About Us - Enter Gislaved\",\"isPartOf\":{\"@id\":\"https:\\\/\\\/www.entergislaved.se\\\/en\\\/#website\"},\"primaryImageOfPage\":{\"@id\":\"https:\\\/\\\/www.entergislaved.se\\\/en\\\/about-us\\\/#primaryimage\"},\"image\":{\"@id\":\"https:\\\/\\\/www.entergislaved.se\\\/en\\\/about-us\\\/#primaryimage\"},\"thumbnailUrl\":\"https:\\\/\\\/www.entergislaved.se\\\/wp-content\\\/uploads\\\/2024\\\/03\\\/Om-oss_ny-header.jpg\",\"datePublished\":\"2018-01-22T07:51:34+00:00\",\"dateModified\":\"2024-03-11T11:56:47+00:00\",\"description\":\"Enter Gislaved \u00e4r ett kommunalt bolag i Gislaved med uppdrag att utveckla konkurrenskraft f\u00f6r handel, bes\u00f6ksn\u00e4ring och n\u00e4ringsliv.\",\"inLanguage\":\"en-US\",\"potentialAction\":[{\"@type\":\"ReadAction\",\"target\":[\"https:\\\/\\\/www.entergislaved.se\\\/en\\\/about-us\\\/\"]}]},{\"@type\":\"ImageObject\",\"inLanguage\":\"en-US\",\"@id\":\"https:\\\/\\\/www.entergislaved.se\\\/en\\\/about-us\\\/#primaryimage\",\"url\":\"https:\\\/\\\/www.entergislaved.se\\\/wp-content\\\/uploads\\\/2024\\\/03\\\/Om-oss_ny-header.jpg\",\"contentUrl\":\"https:\\\/\\\/www.entergislaved.se\\\/wp-content\\\/uploads\\\/2024\\\/03\\\/Om-oss_ny-header.jpg\",\"width\":2560,\"height\":1027},{\"@type\":\"WebSite\",\"@id\":\"https:\\\/\\\/www.entergislaved.se\\\/en\\\/#website\",\"url\":\"https:\\\/\\\/www.entergislaved.se\\\/en\\\/\",\"name\":\"Enter Gislaved\",\"description\":\"Till din tj\u00e4nst\",\"potentialAction\":[{\"@type\":\"SearchAction\",\"target\":{\"@type\":\"EntryPoint\",\"urlTemplate\":\"https:\\\/\\\/www.entergislaved.se\\\/en\\\/?s={search_term_string}\"},\"query-input\":{\"@type\":\"PropertyValueSpecification\",\"valueRequired\":true,\"valueName\":\"search_term_string\"}}],\"inLanguage\":\"en-US\"}]}<\/script>\n<!-- \/ Yoast SEO plugin. -->","yoast_head_json":{"title":"About Us - Enter Gislaved","description":"Enter Gislaved \u00e4r ett kommunalt bolag i Gislaved med uppdrag att utveckla konkurrenskraft f\u00f6r handel, bes\u00f6ksn\u00e4ring och n\u00e4ringsliv.","robots":{"index":"index","follow":"follow","max-snippet":"max-snippet:-1","max-image-preview":"max-image-preview:large","max-video-preview":"max-video-preview:-1"},"canonical":"https:\/\/www.entergislaved.se\/en\/about-us\/","og_locale":"en_US","og_type":"article","og_title":"About Us - Enter Gislaved","og_description":"Enter Gislaved \u00e4r ett kommunalt bolag i Gislaved med uppdrag att utveckla konkurrenskraft f\u00f6r handel, bes\u00f6ksn\u00e4ring och n\u00e4ringsliv.","og_url":"https:\/\/www.entergislaved.se\/en\/about-us\/","og_site_name":"Enter Gislaved","article_modified_time":"2024-03-11T11:56:47+00:00","og_image":[{"width":2560,"height":1027,"url":"https:\/\/www.entergislaved.se\/wp-content\/uploads\/2024\/03\/Om-oss_ny-header.jpg","type":"image\/jpeg"}],"twitter_card":"summary_large_image","twitter_misc":{"Est. reading time":"3 minutes"},"schema":{"@context":"https:\/\/schema.org","@graph":[{"@type":"WebPage","@id":"https:\/\/www.entergislaved.se\/en\/about-us\/","url":"https:\/\/www.entergislaved.se\/en\/about-us\/","name":"About Us - Enter Gislaved","isPartOf":{"@id":"https:\/\/www.entergislaved.se\/en\/#website"},"primaryImageOfPage":{"@id":"https:\/\/www.entergislaved.se\/en\/about-us\/#primaryimage"},"image":{"@id":"https:\/\/www.entergislaved.se\/en\/about-us\/#primaryimage"},"thumbnailUrl":"https:\/\/www.entergislaved.se\/wp-content\/uploads\/2024\/03\/Om-oss_ny-header.jpg","datePublished":"2018-01-22T07:51:34+00:00","dateModified":"2024-03-11T11:56:47+00:00","description":"Enter Gislaved \u00e4r ett kommunalt bolag i Gislaved med uppdrag att utveckla konkurrenskraft f\u00f6r handel, bes\u00f6ksn\u00e4ring och n\u00e4ringsliv.","inLanguage":"en-US","potentialAction":[{"@type":"ReadAction","target":["https:\/\/www.entergislaved.se\/en\/about-us\/"]}]},{"@type":"ImageObject","inLanguage":"en-US","@id":"https:\/\/www.entergislaved.se\/en\/about-us\/#primaryimage","url":"https:\/\/www.entergislaved.se\/wp-content\/uploads\/2024\/03\/Om-oss_ny-header.jpg","contentUrl":"https:\/\/www.entergislaved.se\/wp-content\/uploads\/2024\/03\/Om-oss_ny-header.jpg","width":2560,"height":1027},{"@type":"WebSite","@id":"https:\/\/www.entergislaved.se\/en\/#website","url":"https:\/\/www.entergislaved.se\/en\/","name":"Enter Gislaved","description":"Till din tj\u00e4nst","potentialAction":[{"@type":"SearchAction","target":{"@type":"EntryPoint","urlTemplate":"https:\/\/www.entergislaved.se\/en\/?s={search_term_string}"},"query-input":{"@type":"PropertyValueSpecification","valueRequired":true,"valueName":"search_term_string"}}],"inLanguage":"en-US"}]}},"_links":{"self":[{"href":"https:\/\/www.entergislaved.se\/en\/wp-json\/wp\/v2\/pages\/1361","targetHints":{"allow":["GET"]}}],"collection":[{"href":"https:\/\/www.entergislaved.se\/en\/wp-json\/wp\/v2\/pages"}],"about":[{"href":"https:\/\/www.entergislaved.se\/en\/wp-json\/wp\/v2\/types\/page"}],"author":[{"embeddable":true,"href":"https:\/\/www.entergislaved.se\/en\/wp-json\/wp\/v2\/users\/1"}],"replies":[{"embeddable":true,"href":"https:\/\/www.entergislaved.se\/en\/wp-json\/wp\/v2\/comments?post=1361"}],"version-history":[{"count":5,"href":"https:\/\/www.entergislaved.se\/en\/wp-json\/wp\/v2\/pages\/1361\/revisions"}],"predecessor-version":[{"id":7191,"href":"https:\/\/www.entergislaved.se\/en\/wp-json\/wp\/v2\/pages\/1361\/revisions\/7191"}],"wp:featuredmedia":[{"embeddable":true,"href":"https:\/\/www.entergislaved.se\/en\/wp-json\/wp\/v2\/media\/7182"}],"wp:attachment":[{"href":"https:\/\/www.entergislaved.se\/en\/wp-json\/wp\/v2\/media?parent=1361"}],"curies":[{"name":"wp","href":"https:\/\/api.w.org\/{rel}","templated":true}]}}