{"id":1363,"date":"2018-01-22T08:51:32","date_gmt":"2018-01-22T07:51:32","guid":{"rendered":"https:\/\/www.entergislaved.se\/?page_id=1363"},"modified":"2025-10-06T14:39:17","modified_gmt":"2025-10-06T12:39:17","slug":"start-a-business","status":"publish","type":"page","link":"https:\/\/www.entergislaved.se\/en\/start-a-business\/","title":{"rendered":"Start a business"},"content":{"rendered":"<div class=\"wpb-content-wrapper\"><p>[vc_row][vc_column width=&#8221;8\/12&#8243;][vc_column_text]<\/p>\n<h1>Take the plunge, start your own business<\/h1>\n<blockquote class=\"\">\n<div class=\"\">\n<div class=\"WordSection1\"><\/div>\n<\/div>\n<\/blockquote>\n<blockquote class=\"\">\n<div class=\"\">\n<div class=\"WordSection1\">\n<div class=\"\"><\/div>\n<\/div>\n<\/div>\n<\/blockquote>\n<p><strong>Starting your own business is the best thing that many have done. At the same time, some also hesitate a bit. There\u2019s so much that you need to know, and you need more than just a good business idea. But don\u2019t worry. At Enter we\u2019ll help you overcome any doubts.<\/strong><\/p>\n<p>In collaboration with Science Park, we offer free advice to those who want to start their own business. All entrepreneurs with business ideas or small and medium-sized companies in the development stages are welcome to get in touch with us. We also work with the organisation F\u00f6retagarna, and for those who take the step and start a business of their own, a free one-year subscription to F\u00f6retagarna is included. On top of that, our network is at your disposal and we can help you with everything, including finding the right location for your shop or land for establishing your new industry, refining your business plan and budget, and finding financing.<\/p>\n<p>We offer operational support in the form of qualified advice, skills development and guidance. For entrepreneurs who aspire to grow and have viable ideas, through Science Park we can also sign growth agreements, which give you enhanced business development support.<\/p>\n<p>At Enter, we also arrange joint activities such as training, meetings and webinars, which are particularly suitable for those who are developing a business idea or have a general interest in business. So, don\u2019t hesitate, just take the plunge.<\/p>\n<p>&nbsp;<\/p>\n<h3>We help new entrepreneurs with:<\/h3>\n<ul style=\"list-style-position: inside;\">\n<li>Free coaching as well as models and tools for faster and better business start-up.<\/li>\n<li>Discounts and free offers on accounting software, accounting, legal advice, insurance, etc.<\/li>\n<li>Expert help in a variety of fields.<\/li>\n<li>An analogue and digital community filled with knowledge and inspiration in the form of events.<\/li>\n<li>Programmes\/courses and people who could be your future team members or customers.<\/li>\n<li>And advice on where to find funding.<\/li>\n<li>Kunskap om var du kan hitta finansiering.<\/li>\n<li style=\"list-style-type: none;\"><\/li>\n<li style=\"list-style-type: none;\"><\/li>\n<li style=\"list-style-type: none;\"><\/li>\n<li style=\"list-style-type: none;\"><\/li>\n<li style=\"list-style-type: none;\"><\/li>\n<\/ul>\n<p>&nbsp;<\/p>\n<h3 class=\"trepuffar__title\">From idea to business concept in three steps<\/h3>\n<p>Sometimes the road from idea to a profitable business can feel long and winding. However, at Science Park we can help you at every step and make the journey easy and enjoyable[\/vc_column_text][vc_row_inner el_class=&#8221;typography-small&#8221;][vc_column_inner width=&#8221;1\/4&#8243;][vc_single_image image=&#8221;3127&#8243; img_size=&#8221;full&#8221;][\/vc_column_inner][vc_column_inner width=&#8221;3\/4&#8243;][vc_column_text]<\/p>\n<h4 class=\"trepuffar__puff__title\">Get started with your idea<\/h4>\n<p class=\"trepuffar__puff__text\">Do you have an idea that you\u2019d like to develop? Meet us for<br \/>\nfree advice on how to proceed<\/p>\n<p><a class=\"small-link\" href=\"https:\/\/sciencepark.se\/starta-foretag\/kom-igang-med-din-ide\/\" target=\"_blank\" rel=\"noopener noreferrer\"><strong>Find out more<\/strong><\/a>[\/vc_column_text][\/vc_column_inner][\/vc_row_inner][vc_row_inner el_class=&#8221;typography-small&#8221;][vc_column_inner width=&#8221;1\/4&#8243;][vc_single_image image=&#8221;3129&#8243; img_size=&#8221;full&#8221;][\/vc_column_inner][vc_column_inner width=&#8221;3\/4&#8243;][vc_column_text]<\/p>\n<h4 class=\"trepuffar__puff__title\">Develop your business idea<\/h4>\n<p class=\"trepuffar__puff__text\">How are you going to make money from your business idea? We\u2019ll help you<br \/>\nset up the business model and find the team and funding.<\/p>\n<p><a class=\"small-link\" href=\"https:\/\/sciencepark.se\/starta-foretag\/utveckla-affarside\/\" target=\"_blank\" rel=\"noopener noreferrer\"><strong>Find out more<\/strong><\/a>[\/vc_column_text][\/vc_column_inner][\/vc_row_inner][vc_row_inner el_class=&#8221;typography-small&#8221;][vc_column_inner width=&#8221;1\/4&#8243;][vc_single_image image=&#8221;3131&#8243; img_size=&#8221;full&#8221;][\/vc_column_inner][vc_column_inner width=&#8221;3\/4&#8243;][vc_column_text]<\/p>\n<h4 class=\"trepuffar__puff__title\">Register your business<\/h4>\n<p class=\"trepuffar__puff__text\">Is it time to register a company and get your business<br \/>\ngoing? Do you have any questions about practical matters?<br \/>\nWe have the answers.<\/p>\n<p><a class=\"small-link\" href=\"https:\/\/sciencepark.se\/starta-foretag\/registrera-foretag\/\" target=\"_blank\" rel=\"noopener noreferrer\"><strong>Find out more<\/strong><\/a>[\/vc_column_text][\/vc_column_inner][\/vc_row_inner][\/vc_column][vc_column width=&#8221;4\/12&#8243;]\n  <div class=\"subpage-contact-container custom-sidebar-block\">\n    <div class=\"subpage-contact-title\">\n      <h3>Contact us<\/h3>\n    <\/div>\n    <div class=\"subpage-contact-information-wrap\">\n      <div class=\"subpage-contact-single-info\">Carolina Baaz Svensson<\/div>\n      <div class=\"subpage-contact-single-info\">Business Developer, Enter Gislaved<\/div>\n      <div class=\"subpage-contact-single-info\"><a href=\"mailto:carolina@entergislaved.se\">carolina@entergislaved.se<\/a><\/div>\n      <div class=\"-single-info\"><a href=\"tel:+4637184482\">+46 371-844 82<\/a><\/div>\n      <div class=\"subpage-contact-single-info\"><\/div>\n    <\/div>\n  <\/div>\n  \n  <div class=\"subpage-extra-link-container custom-sidebar-block\">\n    <div class=\"subpage-extra-link-title\">\n      <h3>Good to know<\/h3>\n    <\/div>\n    <div class=\"subpage-extra-link-single\">\n      <a href=\"http:\/\/sciencepark.se\"><strong>Science Park:<\/strong> Supports you who want to do something big with your ideas.<\/a>\n      <a href=\"https:\/\/www.foretagarna.se\/\"><strong>F\u00f6retagarna<\/strong>: Sweden's largest entrepreneurs organization<\/a>\n      <a href=\"https:\/\/www.almi.se\/Jonkoping\/\"><strong>Almi:<\/strong> Offers loans, advice, and venture capital to companies.<\/a>\n      <a href=\"http:\/\/www.driva-eget.se\"><strong>Driva eget:<\/strong> A sounding board in your entrepreneurship.<\/a>\n      \n      <a href=\"https:\/\/enterpriseeurope.se\"><strong>Enterprise Europe Network:<\/strong> Helps you enter new markets.<\/a>\n      <a href=\"https:\/\/www.ekn.se\"><strong> EKN, Export Credit Agency: <\/strong> Authority that promotes Swedish exports.<\/a>\n      \n      <a href=\"https:\/\/www.verksamt.se\"><strong>Verksamt:<\/strong> A collaboration between authorities to help companies.<\/a>\n    <\/div>\n  <\/div>\n  [\/vc_column][\/vc_row][vc_row][vc_column width=&#8221;5\/6&#8243;][vc_column_text el_class=&#8221;info-box&#8221;]We know the time is just right to turn your idea into reality. We also know that you can achieve more than you think.<br \/>\nTake the plunge \u2013 start your own business.<br \/>\n[\/vc_column_text][\/vc_column][vc_column width=&#8221;1\/6&#8243;][\/vc_column][\/vc_row]<\/p>\n<\/div>","protected":false},"excerpt":{"rendered":"<p>[vc_row][vc_column width=&#8221;8\/12&#8243;][vc_column_text] Take the plunge, start your own business Starting your own business is the best thing that many have done. At the same time, some also hesitate a bit. There\u2019s so much that you need to know, and you need more than just a good business idea. But don\u2019t worry. At Enter we\u2019ll help [&hellip;]<\/p>\n","protected":false},"author":1,"featured_media":7495,"parent":0,"menu_order":0,"comment_status":"closed","ping_status":"closed","template":"","meta":{"_acf_changed":false,"footnotes":""},"class_list":["post-1363","page","type-page","status-publish","has-post-thumbnail","hentry"],"acf":[],"yoast_head":"<!-- This site is optimized with the Yoast SEO plugin v27.5 - https:\/\/yoast.com\/product\/yoast-seo-wordpress\/ -->\n<title>Start a business - Enter Gislaved<\/title>\n<meta name=\"description\" content=\"Enter Gislaved samarbetar med Science Park och erbjuder kostnadsfri r\u00e5dgivning till dig som vill starta eget f\u00f6retag. Starta f\u00f6retag idag.\" \/>\n<meta name=\"robots\" content=\"index, follow, max-snippet:-1, max-image-preview:large, max-video-preview:-1\" \/>\n<link rel=\"canonical\" href=\"https:\/\/www.entergislaved.se\/en\/start-a-business\/\" \/>\n<meta property=\"og:locale\" content=\"en_US\" \/>\n<meta property=\"og:type\" content=\"article\" \/>\n<meta property=\"og:title\" content=\"Start a business - Enter Gislaved\" \/>\n<meta property=\"og:description\" content=\"Enter Gislaved samarbetar med Science Park och erbjuder kostnadsfri r\u00e5dgivning till dig som vill starta eget f\u00f6retag. Starta f\u00f6retag idag.\" \/>\n<meta property=\"og:url\" content=\"https:\/\/www.entergislaved.se\/en\/start-a-business\/\" \/>\n<meta property=\"og:site_name\" content=\"Enter Gislaved\" \/>\n<meta property=\"article:modified_time\" content=\"2025-10-06T12:39:17+00:00\" \/>\n<meta property=\"og:image\" content=\"https:\/\/www.entergislaved.se\/wp-content\/uploads\/2024\/08\/Header-starta-eget-1.jpg\" \/>\n\t<meta property=\"og:image:width\" content=\"2560\" \/>\n\t<meta property=\"og:image:height\" content=\"1027\" \/>\n\t<meta property=\"og:image:type\" content=\"image\/jpeg\" \/>\n<meta name=\"twitter:card\" content=\"summary_large_image\" \/>\n<meta name=\"twitter:label1\" content=\"Est. reading time\" \/>\n\t<meta name=\"twitter:data1\" content=\"4 minutes\" \/>\n<script type=\"application\/ld+json\" class=\"yoast-schema-graph\">{\"@context\":\"https:\\\/\\\/schema.org\",\"@graph\":[{\"@type\":\"WebPage\",\"@id\":\"https:\\\/\\\/www.entergislaved.se\\\/en\\\/start-a-business\\\/\",\"url\":\"https:\\\/\\\/www.entergislaved.se\\\/en\\\/start-a-business\\\/\",\"name\":\"Start a business - Enter Gislaved\",\"isPartOf\":{\"@id\":\"https:\\\/\\\/www.entergislaved.se\\\/en\\\/#website\"},\"primaryImageOfPage\":{\"@id\":\"https:\\\/\\\/www.entergislaved.se\\\/en\\\/start-a-business\\\/#primaryimage\"},\"image\":{\"@id\":\"https:\\\/\\\/www.entergislaved.se\\\/en\\\/start-a-business\\\/#primaryimage\"},\"thumbnailUrl\":\"https:\\\/\\\/www.entergislaved.se\\\/wp-content\\\/uploads\\\/2024\\\/08\\\/Header-starta-eget-1.jpg\",\"datePublished\":\"2018-01-22T07:51:32+00:00\",\"dateModified\":\"2025-10-06T12:39:17+00:00\",\"description\":\"Enter Gislaved samarbetar med Science Park och erbjuder kostnadsfri r\u00e5dgivning till dig som vill starta eget f\u00f6retag. Starta f\u00f6retag idag.\",\"inLanguage\":\"en-US\",\"potentialAction\":[{\"@type\":\"ReadAction\",\"target\":[\"https:\\\/\\\/www.entergislaved.se\\\/en\\\/start-a-business\\\/\"]}]},{\"@type\":\"ImageObject\",\"inLanguage\":\"en-US\",\"@id\":\"https:\\\/\\\/www.entergislaved.se\\\/en\\\/start-a-business\\\/#primaryimage\",\"url\":\"https:\\\/\\\/www.entergislaved.se\\\/wp-content\\\/uploads\\\/2024\\\/08\\\/Header-starta-eget-1.jpg\",\"contentUrl\":\"https:\\\/\\\/www.entergislaved.se\\\/wp-content\\\/uploads\\\/2024\\\/08\\\/Header-starta-eget-1.jpg\",\"width\":2560,\"height\":1027},{\"@type\":\"WebSite\",\"@id\":\"https:\\\/\\\/www.entergislaved.se\\\/en\\\/#website\",\"url\":\"https:\\\/\\\/www.entergislaved.se\\\/en\\\/\",\"name\":\"Enter Gislaved\",\"description\":\"Till din tj\u00e4nst\",\"potentialAction\":[{\"@type\":\"SearchAction\",\"target\":{\"@type\":\"EntryPoint\",\"urlTemplate\":\"https:\\\/\\\/www.entergislaved.se\\\/en\\\/?s={search_term_string}\"},\"query-input\":{\"@type\":\"PropertyValueSpecification\",\"valueRequired\":true,\"valueName\":\"search_term_string\"}}],\"inLanguage\":\"en-US\"}]}<\/script>\n<!-- \/ Yoast SEO plugin. -->","yoast_head_json":{"title":"Start a business - Enter Gislaved","description":"Enter Gislaved samarbetar med Science Park och erbjuder kostnadsfri r\u00e5dgivning till dig som vill starta eget f\u00f6retag. Starta f\u00f6retag idag.","robots":{"index":"index","follow":"follow","max-snippet":"max-snippet:-1","max-image-preview":"max-image-preview:large","max-video-preview":"max-video-preview:-1"},"canonical":"https:\/\/www.entergislaved.se\/en\/start-a-business\/","og_locale":"en_US","og_type":"article","og_title":"Start a business - Enter Gislaved","og_description":"Enter Gislaved samarbetar med Science Park och erbjuder kostnadsfri r\u00e5dgivning till dig som vill starta eget f\u00f6retag. Starta f\u00f6retag idag.","og_url":"https:\/\/www.entergislaved.se\/en\/start-a-business\/","og_site_name":"Enter Gislaved","article_modified_time":"2025-10-06T12:39:17+00:00","og_image":[{"width":2560,"height":1027,"url":"https:\/\/www.entergislaved.se\/wp-content\/uploads\/2024\/08\/Header-starta-eget-1.jpg","type":"image\/jpeg"}],"twitter_card":"summary_large_image","twitter_misc":{"Est. reading time":"4 minutes"},"schema":{"@context":"https:\/\/schema.org","@graph":[{"@type":"WebPage","@id":"https:\/\/www.entergislaved.se\/en\/start-a-business\/","url":"https:\/\/www.entergislaved.se\/en\/start-a-business\/","name":"Start a business - Enter Gislaved","isPartOf":{"@id":"https:\/\/www.entergislaved.se\/en\/#website"},"primaryImageOfPage":{"@id":"https:\/\/www.entergislaved.se\/en\/start-a-business\/#primaryimage"},"image":{"@id":"https:\/\/www.entergislaved.se\/en\/start-a-business\/#primaryimage"},"thumbnailUrl":"https:\/\/www.entergislaved.se\/wp-content\/uploads\/2024\/08\/Header-starta-eget-1.jpg","datePublished":"2018-01-22T07:51:32+00:00","dateModified":"2025-10-06T12:39:17+00:00","description":"Enter Gislaved samarbetar med Science Park och erbjuder kostnadsfri r\u00e5dgivning till dig som vill starta eget f\u00f6retag. Starta f\u00f6retag idag.","inLanguage":"en-US","potentialAction":[{"@type":"ReadAction","target":["https:\/\/www.entergislaved.se\/en\/start-a-business\/"]}]},{"@type":"ImageObject","inLanguage":"en-US","@id":"https:\/\/www.entergislaved.se\/en\/start-a-business\/#primaryimage","url":"https:\/\/www.entergislaved.se\/wp-content\/uploads\/2024\/08\/Header-starta-eget-1.jpg","contentUrl":"https:\/\/www.entergislaved.se\/wp-content\/uploads\/2024\/08\/Header-starta-eget-1.jpg","width":2560,"height":1027},{"@type":"WebSite","@id":"https:\/\/www.entergislaved.se\/en\/#website","url":"https:\/\/www.entergislaved.se\/en\/","name":"Enter Gislaved","description":"Till din tj\u00e4nst","potentialAction":[{"@type":"SearchAction","target":{"@type":"EntryPoint","urlTemplate":"https:\/\/www.entergislaved.se\/en\/?s={search_term_string}"},"query-input":{"@type":"PropertyValueSpecification","valueRequired":true,"valueName":"search_term_string"}}],"inLanguage":"en-US"}]}},"_links":{"self":[{"href":"https:\/\/www.entergislaved.se\/en\/wp-json\/wp\/v2\/pages\/1363","targetHints":{"allow":["GET"]}}],"collection":[{"href":"https:\/\/www.entergislaved.se\/en\/wp-json\/wp\/v2\/pages"}],"about":[{"href":"https:\/\/www.entergislaved.se\/en\/wp-json\/wp\/v2\/types\/page"}],"author":[{"embeddable":true,"href":"https:\/\/www.entergislaved.se\/en\/wp-json\/wp\/v2\/users\/1"}],"replies":[{"embeddable":true,"href":"https:\/\/www.entergislaved.se\/en\/wp-json\/wp\/v2\/comments?post=1363"}],"version-history":[{"count":5,"href":"https:\/\/www.entergislaved.se\/en\/wp-json\/wp\/v2\/pages\/1363\/revisions"}],"predecessor-version":[{"id":8418,"href":"https:\/\/www.entergislaved.se\/en\/wp-json\/wp\/v2\/pages\/1363\/revisions\/8418"}],"wp:featuredmedia":[{"embeddable":true,"href":"https:\/\/www.entergislaved.se\/en\/wp-json\/wp\/v2\/media\/7495"}],"wp:attachment":[{"href":"https:\/\/www.entergislaved.se\/en\/wp-json\/wp\/v2\/media?parent=1363"}],"curies":[{"name":"wp","href":"https:\/\/api.w.org\/{rel}","templated":true}]}}