{"id":1631,"date":"2019-09-11T13:02:53","date_gmt":"2019-09-11T11:02:53","guid":{"rendered":"https:\/\/www.entergislaved.se\/?page_id=1631"},"modified":"2019-09-24T09:59:39","modified_gmt":"2019-09-24T07:59:39","slug":"project","status":"publish","type":"page","link":"https:\/\/www.entergislaved.se\/en\/project\/","title":{"rendered":"Project"},"content":{"rendered":"<h1><b>Interesting projects in progress all the time\u00a0\u00a0<\/b><\/h1>\n<p>An important part of our venture is to initiate, support and promote projects. Some of these are recurring, some transition into separate businesses, while others are individual projects with a temporary objective. Regardless of size or duration, what these projects have in common is that they develop the competitiveness of commerce, tourism or industry in Gislaved Municipality and the Gnosj\u00f6 region. Below are a number of projects in which we have taken part.<\/p>\n","protected":false},"excerpt":{"rendered":"<p>Interesting projects in progress all the time\u00a0\u00a0 An important part of our venture is to initiate, support and promote projects. Some of these are recurring, some transition into separate businesses, while others are individual projects with a temporary objective. Regardless of size or duration, what these projects have in common is that they develop the [&hellip;]<\/p>\n","protected":false},"author":8,"featured_media":4717,"parent":0,"menu_order":0,"comment_status":"closed","ping_status":"closed","template":"page-templates\/page-wide.php","meta":{"_acf_changed":false,"footnotes":""},"class_list":["post-1631","page","type-page","status-publish","has-post-thumbnail","hentry"],"acf":[],"yoast_head":"<!-- This site is optimized with the Yoast SEO plugin v27.3 - https:\/\/yoast.com\/product\/yoast-seo-wordpress\/ -->\n<title>Project - Enter Gislaved<\/title>\n<meta name=\"robots\" content=\"index, follow, max-snippet:-1, max-image-preview:large, max-video-preview:-1\" \/>\n<link rel=\"canonical\" href=\"https:\/\/www.entergislaved.se\/en\/project\/\" \/>\n<meta property=\"og:locale\" content=\"en_US\" \/>\n<meta property=\"og:type\" content=\"article\" \/>\n<meta property=\"og:title\" content=\"Project - Enter Gislaved\" \/>\n<meta property=\"og:description\" content=\"Interesting projects in progress all the time\u00a0\u00a0 An important part of our venture is to initiate, support and promote projects. Some of these are recurring, some transition into separate businesses, while others are individual projects with a temporary objective. Regardless of size or duration, what these projects have in common is that they develop the [&hellip;]\" \/>\n<meta property=\"og:url\" content=\"https:\/\/www.entergislaved.se\/en\/project\/\" \/>\n<meta property=\"og:site_name\" content=\"Enter Gislaved\" \/>\n<meta property=\"article:modified_time\" content=\"2019-09-24T07:59:39+00:00\" \/>\n<meta property=\"og:image\" content=\"https:\/\/www.entergislaved.se\/wp-content\/uploads\/2022\/06\/Projekt_header2.jpg\" \/>\n\t<meta property=\"og:image:width\" content=\"2560\" \/>\n\t<meta property=\"og:image:height\" content=\"1027\" \/>\n\t<meta property=\"og:image:type\" content=\"image\/jpeg\" \/>\n<meta name=\"twitter:card\" content=\"summary_large_image\" \/>\n<script type=\"application\/ld+json\" class=\"yoast-schema-graph\">{\"@context\":\"https:\\\/\\\/schema.org\",\"@graph\":[{\"@type\":\"WebPage\",\"@id\":\"https:\\\/\\\/www.entergislaved.se\\\/en\\\/project\\\/\",\"url\":\"https:\\\/\\\/www.entergislaved.se\\\/en\\\/project\\\/\",\"name\":\"Project - Enter Gislaved\",\"isPartOf\":{\"@id\":\"https:\\\/\\\/www.entergislaved.se\\\/en\\\/#website\"},\"primaryImageOfPage\":{\"@id\":\"https:\\\/\\\/www.entergislaved.se\\\/en\\\/project\\\/#primaryimage\"},\"image\":{\"@id\":\"https:\\\/\\\/www.entergislaved.se\\\/en\\\/project\\\/#primaryimage\"},\"thumbnailUrl\":\"https:\\\/\\\/www.entergislaved.se\\\/wp-content\\\/uploads\\\/2022\\\/06\\\/Projekt_header2.jpg\",\"datePublished\":\"2019-09-11T11:02:53+00:00\",\"dateModified\":\"2019-09-24T07:59:39+00:00\",\"inLanguage\":\"en-US\",\"potentialAction\":[{\"@type\":\"ReadAction\",\"target\":[\"https:\\\/\\\/www.entergislaved.se\\\/en\\\/project\\\/\"]}]},{\"@type\":\"ImageObject\",\"inLanguage\":\"en-US\",\"@id\":\"https:\\\/\\\/www.entergislaved.se\\\/en\\\/project\\\/#primaryimage\",\"url\":\"https:\\\/\\\/www.entergislaved.se\\\/wp-content\\\/uploads\\\/2022\\\/06\\\/Projekt_header2.jpg\",\"contentUrl\":\"https:\\\/\\\/www.entergislaved.se\\\/wp-content\\\/uploads\\\/2022\\\/06\\\/Projekt_header2.jpg\",\"width\":2560,\"height\":1027,\"caption\":\"Barn i gula v\u00e4star p\u00e5 bes\u00f6k i en fabrik\"},{\"@type\":\"WebSite\",\"@id\":\"https:\\\/\\\/www.entergislaved.se\\\/en\\\/#website\",\"url\":\"https:\\\/\\\/www.entergislaved.se\\\/en\\\/\",\"name\":\"Enter Gislaved\",\"description\":\"Till din tj\u00e4nst\",\"potentialAction\":[{\"@type\":\"SearchAction\",\"target\":{\"@type\":\"EntryPoint\",\"urlTemplate\":\"https:\\\/\\\/www.entergislaved.se\\\/en\\\/?s={search_term_string}\"},\"query-input\":{\"@type\":\"PropertyValueSpecification\",\"valueRequired\":true,\"valueName\":\"search_term_string\"}}],\"inLanguage\":\"en-US\"}]}<\/script>\n<!-- \/ Yoast SEO plugin. -->","yoast_head_json":{"title":"Project - Enter Gislaved","robots":{"index":"index","follow":"follow","max-snippet":"max-snippet:-1","max-image-preview":"max-image-preview:large","max-video-preview":"max-video-preview:-1"},"canonical":"https:\/\/www.entergislaved.se\/en\/project\/","og_locale":"en_US","og_type":"article","og_title":"Project - Enter Gislaved","og_description":"Interesting projects in progress all the time\u00a0\u00a0 An important part of our venture is to initiate, support and promote projects. Some of these are recurring, some transition into separate businesses, while others are individual projects with a temporary objective. Regardless of size or duration, what these projects have in common is that they develop the [&hellip;]","og_url":"https:\/\/www.entergislaved.se\/en\/project\/","og_site_name":"Enter Gislaved","article_modified_time":"2019-09-24T07:59:39+00:00","og_image":[{"width":2560,"height":1027,"url":"https:\/\/www.entergislaved.se\/wp-content\/uploads\/2022\/06\/Projekt_header2.jpg","type":"image\/jpeg"}],"twitter_card":"summary_large_image","schema":{"@context":"https:\/\/schema.org","@graph":[{"@type":"WebPage","@id":"https:\/\/www.entergislaved.se\/en\/project\/","url":"https:\/\/www.entergislaved.se\/en\/project\/","name":"Project - Enter Gislaved","isPartOf":{"@id":"https:\/\/www.entergislaved.se\/en\/#website"},"primaryImageOfPage":{"@id":"https:\/\/www.entergislaved.se\/en\/project\/#primaryimage"},"image":{"@id":"https:\/\/www.entergislaved.se\/en\/project\/#primaryimage"},"thumbnailUrl":"https:\/\/www.entergislaved.se\/wp-content\/uploads\/2022\/06\/Projekt_header2.jpg","datePublished":"2019-09-11T11:02:53+00:00","dateModified":"2019-09-24T07:59:39+00:00","inLanguage":"en-US","potentialAction":[{"@type":"ReadAction","target":["https:\/\/www.entergislaved.se\/en\/project\/"]}]},{"@type":"ImageObject","inLanguage":"en-US","@id":"https:\/\/www.entergislaved.se\/en\/project\/#primaryimage","url":"https:\/\/www.entergislaved.se\/wp-content\/uploads\/2022\/06\/Projekt_header2.jpg","contentUrl":"https:\/\/www.entergislaved.se\/wp-content\/uploads\/2022\/06\/Projekt_header2.jpg","width":2560,"height":1027,"caption":"Barn i gula v\u00e4star p\u00e5 bes\u00f6k i en fabrik"},{"@type":"WebSite","@id":"https:\/\/www.entergislaved.se\/en\/#website","url":"https:\/\/www.entergislaved.se\/en\/","name":"Enter Gislaved","description":"Till din tj\u00e4nst","potentialAction":[{"@type":"SearchAction","target":{"@type":"EntryPoint","urlTemplate":"https:\/\/www.entergislaved.se\/en\/?s={search_term_string}"},"query-input":{"@type":"PropertyValueSpecification","valueRequired":true,"valueName":"search_term_string"}}],"inLanguage":"en-US"}]}},"_links":{"self":[{"href":"https:\/\/www.entergislaved.se\/en\/wp-json\/wp\/v2\/pages\/1631","targetHints":{"allow":["GET"]}}],"collection":[{"href":"https:\/\/www.entergislaved.se\/en\/wp-json\/wp\/v2\/pages"}],"about":[{"href":"https:\/\/www.entergislaved.se\/en\/wp-json\/wp\/v2\/types\/page"}],"author":[{"embeddable":true,"href":"https:\/\/www.entergislaved.se\/en\/wp-json\/wp\/v2\/users\/8"}],"replies":[{"embeddable":true,"href":"https:\/\/www.entergislaved.se\/en\/wp-json\/wp\/v2\/comments?post=1631"}],"version-history":[{"count":1,"href":"https:\/\/www.entergislaved.se\/en\/wp-json\/wp\/v2\/pages\/1631\/revisions"}],"predecessor-version":[{"id":1633,"href":"https:\/\/www.entergislaved.se\/en\/wp-json\/wp\/v2\/pages\/1631\/revisions\/1633"}],"wp:featuredmedia":[{"embeddable":true,"href":"https:\/\/www.entergislaved.se\/en\/wp-json\/wp\/v2\/media\/4717"}],"wp:attachment":[{"href":"https:\/\/www.entergislaved.se\/en\/wp-json\/wp\/v2\/media?parent=1631"}],"curies":[{"name":"wp","href":"https:\/\/api.w.org\/{rel}","templated":true}]}}