{"id":2092,"date":"2019-11-26T12:03:36","date_gmt":"2019-11-26T11:03:36","guid":{"rendered":"https:\/\/www.entergislaved.se\/?page_id=2092"},"modified":"2019-12-12T13:50:33","modified_gmt":"2019-12-12T12:50:33","slug":"anderstorp","status":"publish","type":"page","link":"https:\/\/www.entergislaved.se\/en\/living-gislaved\/live\/anderstorp\/","title":{"rendered":"Anderstorp"},"content":{"rendered":"<div class=\"wpb-content-wrapper\"><p>[vc_row][vc_column width=&#8221;8\/12&#8243;][vc_column_text]<\/p>\n<h1 id=\"h-Anderstorp\" class=\"heading\">Anderstorp<\/h1>\n<p class=\"normal\">Anderstorp, which is the second largest town in the municipality, enjoys great business density. With just under 5,000 inhabitants, Anderstorp is the perfect place for families. There are many residential areas and a number of schools. The shops are in the centre of town, around Storgatan. They include grocery stores, restaurants, pizza parlours and caf\u00e9s. Bathing and the countryside are within walking and cycling distance.<\/p>\n<h2 id=\"h-Housing\" class=\"subheading\">Housing<\/h2>\n<p class=\"normal\">In Anderstorp you can live in the country but still be close to the centre of town. There are plenty of residential districts of varying character. The majority of the houses were built between the 60s and the 80s, but there are also more modern areas and vacant building lots for people wishing to build their own homes. Many housing areas are surrounded by green space and have limited through traffic, which makes for a more pleasant living environment.\u00a0Anderstorp also has plenty of rental apartments and housing cooperatives.<\/p>\n<h2 id=\"h-Leisure\" class=\"subheading\">Leisure<\/h2>\n<p class=\"normal\">In addition to its proximity to swimming, fishing and the countryside, there are sports halls, football fields, illuminated jogging trails, gyms, indoor pools and many different associations covering a range of activities. The library attracts readers of various ages, and performances of various kind are arranged for theatre buffs. There are playgrounds for children of all ages at several places in the community.<\/p>\n<h2 id=\"h-Schools\" class=\"subheading\">Schools<\/h2>\n<p class=\"normal\">Anderstorp has a number of preschools for children in the ages 1 to 5; there are two primary schools and a senior high school.\u00a0There is a motor sports vocational college at Anderstorp Raceway.<\/p>\n<h2 id=\"h-Communications\" class=\"subheading\">Communications<\/h2>\n<p class=\"normal\">There are excellent bus connections to other parts of Gislaved\u00a0 municipality, and to Gnosj\u00f6 and V\u00e4rnamo. In addition to cycle tracks within the community there are asphalted cycle tracks to Gislaved and Gnosj\u00f6.<\/p>\n<h2 id=\"h-Tourism\" class=\"subheading\">Tourism<\/h2>\n<p class=\"normal\">There are many lakes in the Anderstorp fishery conservation area. There are plenty of bream and also perch, pike, roach and eel. There is summertime swimming in the municipal baths, or you can skip the lakes and play mini golf in central Anderstorp.<\/p>\n<p class=\"normal\">North-west of Anderstorp is one of Sweden&#8217;s biggest and most ecologically important swamps \u2013 the Great Anderstorp Bog. The nature reserve covers almost 2,000 hectares and enjoys a rich bird life that includes many nesting waders. There is old-growth coniferous forest on many of the swamp&#8217;s islands, and dwarf birch grows in the bog itself.<\/p>\n<p class=\"normal\">Anderstorp gained both national and international renown thanks to Scandinavian Raceway, which was an active Formula 1 track from the the 70s to the 90s.<\/p>\n<p>[\/vc_column_text][\/vc_column][vc_column width=&#8221;4\/12&#8243;]<div class=\"child-link-container custom-sidebar-block\"><div class=\"child-link-title\"><a href=\"https:\/\/www.entergislaved.se\/en\/living-gislaved\/live\/\"><h3>Live<\/h3><\/a><\/div><ul><li class=\"page_item page-item-2089\"><a href=\"https:\/\/www.entergislaved.se\/en\/living-gislaved\/live\/gislaved\/\">Gislaved<\/a><\/li>\n<li class=\"page_item page-item-2092\"><a href=\"https:\/\/www.entergislaved.se\/en\/living-gislaved\/live\/anderstorp\/\">Anderstorp<\/a><\/li>\n<li class=\"page_item page-item-2094\"><a href=\"https:\/\/www.entergislaved.se\/en\/living-gislaved\/live\/smalandsstenar\/\">Sm\u00e5landsstenar<\/a><\/li>\n<li class=\"page_item page-item-2096\"><a href=\"https:\/\/www.entergislaved.se\/en\/living-gislaved\/live\/hestra\/\">Hestra<\/a><\/li>\n<li class=\"page_item page-item-2098\"><a href=\"https:\/\/www.entergislaved.se\/en\/living-gislaved\/live\/reftele\/\">Reftele<\/a><\/li>\n<li class=\"page_item page-item-2100\"><a href=\"https:\/\/www.entergislaved.se\/en\/living-gislaved\/live\/burseryd\/\">Burseryd<\/a><\/li>\n<li class=\"page_item page-item-2102\"><a href=\"https:\/\/www.entergislaved.se\/en\/living-gislaved\/live\/skeppshult\/\">Skeppshult<\/a><\/li>\n<li class=\"page_item page-item-2104\"><a href=\"https:\/\/www.entergislaved.se\/en\/living-gislaved\/live\/broaryd\/\">Broaryd<\/a><\/li>\n<li class=\"page_item page-item-2106\"><a href=\"https:\/\/www.entergislaved.se\/en\/living-gislaved\/live\/accommodations-for-sale\/\">Accommodations for sale<\/a><\/li>\n<\/ul><\/div>\n  <div class=\"subpage-contact-container custom-sidebar-block\">\n    <div class=\"subpage-contact-title\">\n      <h3>Contact us<\/h3>\n    <\/div>\n    <div class=\"subpage-contact-information-wrap\">\n      <div class=\"subpage-contact-single-info\">Stortorget 2<\/div>\n      <div class=\"subpage-contact-single-info\">332 30 Gislaved<\/div>\n      <div class=\"subpage-contact-single-info\"><a href=\"mailto:info@entergislaved.se\">info@entergislaved.se<\/a><\/div>\n      <div class=\"-single-info\"><a href=\"tel:+4637180600\">+46 371-806 00<\/a><\/div>\n      <div class=\"subpage-contact-single-info\"><\/div>\n    <\/div>\n  <\/div>\n  \n  <div class=\"subpage-extra-link-container custom-sidebar-block\">\n    <div class=\"subpage-extra-link-title\">\n      <h3>Useful information<\/h3>\n    <\/div>\n    <div class=\"subpage-extra-link-single\">\n      <a href=\"https:\/\/sciencepark.se\/english\/\"><strong>Science Park:<\/strong> Support for those who want to do something great with their ideas<\/a>\n      <a href=\"https:\/\/www.verksamt.se\/en\/web\/international\"><strong>Verksamt:<\/strong> A partnership between agencies to help business<\/a>\n      <a href=\"https:\/\/www.almi.se\/en\/in-english\/\"><strong>Almi:<\/strong> Offering loans, advice and venture capital to companies<\/a>\n      <a href=\"http:\/\/www.driva-eget.se\"><\/a>\n      <a href=\"http:\/\/www.finansieringsportalen.se\"><\/a>\n      <a href=\"https:\/\/enterpriseeurope.se\/in-english.html\"><strong>Enterprise Europe Network:<\/strong> Help in reaching new markets<\/a>\n      <a href=\"https:\/\/www.ekn.se\/en\/\"><strong> EKN, The Swedish Export Credit Agency: <\/strong> A goverment agency that promotes Swedish exports<\/a>\n      <a href=\"http:\/\/www.innovation-design.info\/\"><\/a>\n      \n    <\/div>\n  <\/div>\n  [\/vc_column][\/vc_row]<\/p>\n<\/div>","protected":false},"excerpt":{"rendered":"<p>[vc_row][vc_column width=&#8221;8\/12&#8243;][vc_column_text] Anderstorp Anderstorp, which is the second largest town in the municipality, enjoys great business density. With just under 5,000 inhabitants, Anderstorp is the perfect place for families. There are many residential areas and a number of schools. The shops are in the centre of town, around Storgatan. They include grocery stores, restaurants, pizza [&hellip;]<\/p>\n","protected":false},"author":1,"featured_media":0,"parent":2081,"menu_order":2,"comment_status":"closed","ping_status":"closed","template":"","meta":{"_acf_changed":false,"footnotes":""},"class_list":["post-2092","page","type-page","status-publish","hentry"],"acf":[],"yoast_head":"<!-- This site is optimized with the Yoast SEO plugin v27.4 - https:\/\/yoast.com\/product\/yoast-seo-wordpress\/ -->\n<title>Anderstorp - Enter Gislaved<\/title>\n<meta name=\"robots\" content=\"index, follow, max-snippet:-1, max-image-preview:large, max-video-preview:-1\" \/>\n<link rel=\"canonical\" href=\"https:\/\/www.entergislaved.se\/en\/living-gislaved\/live\/anderstorp\/\" \/>\n<meta property=\"og:locale\" content=\"en_US\" \/>\n<meta property=\"og:type\" content=\"article\" \/>\n<meta property=\"og:title\" content=\"Anderstorp - Enter Gislaved\" \/>\n<meta property=\"og:description\" content=\"[vc_row][vc_column width=&#8221;8\/12&#8243;][vc_column_text] Anderstorp Anderstorp, which is the second largest town in the municipality, enjoys great business density. With just under 5,000 inhabitants, Anderstorp is the perfect place for families. There are many residential areas and a number of schools. The shops are in the centre of town, around Storgatan. They include grocery stores, restaurants, pizza [&hellip;]\" \/>\n<meta property=\"og:url\" content=\"https:\/\/www.entergislaved.se\/en\/living-gislaved\/live\/anderstorp\/\" \/>\n<meta property=\"og:site_name\" content=\"Enter Gislaved\" \/>\n<meta property=\"article:modified_time\" content=\"2019-12-12T12:50:33+00:00\" \/>\n<meta name=\"twitter:card\" content=\"summary_large_image\" \/>\n<meta name=\"twitter:label1\" content=\"Est. reading time\" \/>\n\t<meta name=\"twitter:data1\" content=\"3 minutes\" \/>\n<script type=\"application\/ld+json\" class=\"yoast-schema-graph\">{\"@context\":\"https:\\\/\\\/schema.org\",\"@graph\":[{\"@type\":\"WebPage\",\"@id\":\"https:\\\/\\\/www.entergislaved.se\\\/en\\\/living-gislaved\\\/live\\\/anderstorp\\\/\",\"url\":\"https:\\\/\\\/www.entergislaved.se\\\/en\\\/living-gislaved\\\/live\\\/anderstorp\\\/\",\"name\":\"Anderstorp - Enter Gislaved\",\"isPartOf\":{\"@id\":\"https:\\\/\\\/www.entergislaved.se\\\/en\\\/#website\"},\"datePublished\":\"2019-11-26T11:03:36+00:00\",\"dateModified\":\"2019-12-12T12:50:33+00:00\",\"breadcrumb\":{\"@id\":\"https:\\\/\\\/www.entergislaved.se\\\/en\\\/living-gislaved\\\/live\\\/anderstorp\\\/#breadcrumb\"},\"inLanguage\":\"en-US\",\"potentialAction\":[{\"@type\":\"ReadAction\",\"target\":[\"https:\\\/\\\/www.entergislaved.se\\\/en\\\/living-gislaved\\\/live\\\/anderstorp\\\/\"]}]},{\"@type\":\"BreadcrumbList\",\"@id\":\"https:\\\/\\\/www.entergislaved.se\\\/en\\\/living-gislaved\\\/live\\\/anderstorp\\\/#breadcrumb\",\"itemListElement\":[{\"@type\":\"ListItem\",\"position\":1,\"name\":\"Living Gislaved\",\"item\":\"https:\\\/\\\/www.entergislaved.se\\\/en\\\/living-gislaved\\\/\"},{\"@type\":\"ListItem\",\"position\":2,\"name\":\"Live\",\"item\":\"https:\\\/\\\/www.entergislaved.se\\\/en\\\/living-gislaved\\\/live\\\/\"},{\"@type\":\"ListItem\",\"position\":3,\"name\":\"Anderstorp\"}]},{\"@type\":\"WebSite\",\"@id\":\"https:\\\/\\\/www.entergislaved.se\\\/en\\\/#website\",\"url\":\"https:\\\/\\\/www.entergislaved.se\\\/en\\\/\",\"name\":\"Enter Gislaved\",\"description\":\"Till din tj\u00e4nst\",\"potentialAction\":[{\"@type\":\"SearchAction\",\"target\":{\"@type\":\"EntryPoint\",\"urlTemplate\":\"https:\\\/\\\/www.entergislaved.se\\\/en\\\/?s={search_term_string}\"},\"query-input\":{\"@type\":\"PropertyValueSpecification\",\"valueRequired\":true,\"valueName\":\"search_term_string\"}}],\"inLanguage\":\"en-US\"}]}<\/script>\n<!-- \/ Yoast SEO plugin. -->","yoast_head_json":{"title":"Anderstorp - Enter Gislaved","robots":{"index":"index","follow":"follow","max-snippet":"max-snippet:-1","max-image-preview":"max-image-preview:large","max-video-preview":"max-video-preview:-1"},"canonical":"https:\/\/www.entergislaved.se\/en\/living-gislaved\/live\/anderstorp\/","og_locale":"en_US","og_type":"article","og_title":"Anderstorp - Enter Gislaved","og_description":"[vc_row][vc_column width=&#8221;8\/12&#8243;][vc_column_text] Anderstorp Anderstorp, which is the second largest town in the municipality, enjoys great business density. With just under 5,000 inhabitants, Anderstorp is the perfect place for families. There are many residential areas and a number of schools. The shops are in the centre of town, around Storgatan. They include grocery stores, restaurants, pizza [&hellip;]","og_url":"https:\/\/www.entergislaved.se\/en\/living-gislaved\/live\/anderstorp\/","og_site_name":"Enter Gislaved","article_modified_time":"2019-12-12T12:50:33+00:00","twitter_card":"summary_large_image","twitter_misc":{"Est. reading time":"3 minutes"},"schema":{"@context":"https:\/\/schema.org","@graph":[{"@type":"WebPage","@id":"https:\/\/www.entergislaved.se\/en\/living-gislaved\/live\/anderstorp\/","url":"https:\/\/www.entergislaved.se\/en\/living-gislaved\/live\/anderstorp\/","name":"Anderstorp - Enter Gislaved","isPartOf":{"@id":"https:\/\/www.entergislaved.se\/en\/#website"},"datePublished":"2019-11-26T11:03:36+00:00","dateModified":"2019-12-12T12:50:33+00:00","breadcrumb":{"@id":"https:\/\/www.entergislaved.se\/en\/living-gislaved\/live\/anderstorp\/#breadcrumb"},"inLanguage":"en-US","potentialAction":[{"@type":"ReadAction","target":["https:\/\/www.entergislaved.se\/en\/living-gislaved\/live\/anderstorp\/"]}]},{"@type":"BreadcrumbList","@id":"https:\/\/www.entergislaved.se\/en\/living-gislaved\/live\/anderstorp\/#breadcrumb","itemListElement":[{"@type":"ListItem","position":1,"name":"Living Gislaved","item":"https:\/\/www.entergislaved.se\/en\/living-gislaved\/"},{"@type":"ListItem","position":2,"name":"Live","item":"https:\/\/www.entergislaved.se\/en\/living-gislaved\/live\/"},{"@type":"ListItem","position":3,"name":"Anderstorp"}]},{"@type":"WebSite","@id":"https:\/\/www.entergislaved.se\/en\/#website","url":"https:\/\/www.entergislaved.se\/en\/","name":"Enter Gislaved","description":"Till din tj\u00e4nst","potentialAction":[{"@type":"SearchAction","target":{"@type":"EntryPoint","urlTemplate":"https:\/\/www.entergislaved.se\/en\/?s={search_term_string}"},"query-input":{"@type":"PropertyValueSpecification","valueRequired":true,"valueName":"search_term_string"}}],"inLanguage":"en-US"}]}},"_links":{"self":[{"href":"https:\/\/www.entergislaved.se\/en\/wp-json\/wp\/v2\/pages\/2092","targetHints":{"allow":["GET"]}}],"collection":[{"href":"https:\/\/www.entergislaved.se\/en\/wp-json\/wp\/v2\/pages"}],"about":[{"href":"https:\/\/www.entergislaved.se\/en\/wp-json\/wp\/v2\/types\/page"}],"author":[{"embeddable":true,"href":"https:\/\/www.entergislaved.se\/en\/wp-json\/wp\/v2\/users\/1"}],"replies":[{"embeddable":true,"href":"https:\/\/www.entergislaved.se\/en\/wp-json\/wp\/v2\/comments?post=2092"}],"version-history":[{"count":3,"href":"https:\/\/www.entergislaved.se\/en\/wp-json\/wp\/v2\/pages\/2092\/revisions"}],"predecessor-version":[{"id":2136,"href":"https:\/\/www.entergislaved.se\/en\/wp-json\/wp\/v2\/pages\/2092\/revisions\/2136"}],"up":[{"embeddable":true,"href":"https:\/\/www.entergislaved.se\/en\/wp-json\/wp\/v2\/pages\/2081"}],"wp:attachment":[{"href":"https:\/\/www.entergislaved.se\/en\/wp-json\/wp\/v2\/media?parent=2092"}],"curies":[{"name":"wp","href":"https:\/\/api.w.org\/{rel}","templated":true}]}}