{"id":2102,"date":"2019-11-26T12:06:06","date_gmt":"2019-11-26T11:06:06","guid":{"rendered":"https:\/\/www.entergislaved.se\/?page_id=2102"},"modified":"2019-12-12T15:25:55","modified_gmt":"2019-12-12T14:25:55","slug":"skeppshult","status":"publish","type":"page","link":"https:\/\/www.entergislaved.se\/en\/living-gislaved\/live\/skeppshult\/","title":{"rendered":"Skeppshult"},"content":{"rendered":"<div class=\"wpb-content-wrapper\"><p>[vc_row][vc_column width=&#8221;8\/12&#8243;][vc_column_text]<\/p>\n<h1 id=\"h-Skeppshult\" class=\"heading\">Skeppshult<\/h1>\n<p class=\"normal\">The little town of Skeppshult is dominated by Skeppshult&#8217;s foundry, which has occupied the same site since 1906, and Skeppshult&#8217;s Bicycles \u2013 which according to the company itself makes the world&#8217;s most beautiful bicycle. Skeppshult is neighbour to Sm\u00e5landsstenar, which is within easy reach by bike.<\/p>\n<h2 id=\"h-Housing\" class=\"subheading\">Housing<\/h2>\n<p class=\"normal\">Skeppshult has a number of residential areas and vacant building lots for people wishing to build their own homes. There are also a number of rental apartments, many with their own patios.<\/p>\n<h2 id=\"h-Leisure\" class=\"subheading\">Leisure<\/h2>\n<p class=\"normal\">In addition to its proximity to swimming, fishing and the countryside there is an illuminated jogging trail and associations covering a variety of activities. The library attracts readers of different ages, and school facilities are also used for other activities.<\/p>\n<p class=\"normal\">The Nissan trail is an 8 km footpath that runs along the Nissan&#8217;s left bank from \u00c5g\u00e5rdsfors outside Sm\u00e5landsstenar in the north to Skeppshult in the south. At Svenshult there is a rest area with a fire pit and benches.<\/p>\n<h2 id=\"h-Schools\" class=\"subheading\">Schools<\/h2>\n<p class=\"normal\">Skeppshult has a preschool for children in the ages 1 to 5 and a primary school.<\/p>\n<h2 id=\"h-Communications\" class=\"subheading\">Communications<\/h2>\n<p class=\"normal\">There are bus connections to other parts of Gislaved\u00a0municipality and the surrounding municipalities. In addition to cycle tracks within the community there is an asphalted cycle track to Sm\u00e5landsstenar.<\/p>\n<h2 id=\"h-Tourism\" class=\"subheading\">Tourism<\/h2>\n<p class=\"normal\">Enjoy the Nissan River by canoe! The Nissan canoe trail is almost 90 km long and runs through the entire municipality. One of the canoe trail rest areas is at Skeppshult.<\/p>\n<p class=\"normal\">There has been a mill on the Nissan River in B\u00f6laryd at least since the 17th century. In former times there was also a chair factory, sawmill, a scythe smithy, wire drawers, nail manufacturing and a hydro power station.<\/p>\n<p>[\/vc_column_text][\/vc_column][vc_column width=&#8221;4\/12&#8243;]<div class=\"child-link-container custom-sidebar-block\"><div class=\"child-link-title\"><a href=\"https:\/\/www.entergislaved.se\/en\/living-gislaved\/live\/\"><h3>Live<\/h3><\/a><\/div><ul><li class=\"page_item page-item-2089\"><a href=\"https:\/\/www.entergislaved.se\/en\/living-gislaved\/live\/gislaved\/\">Gislaved<\/a><\/li>\n<li class=\"page_item page-item-2092\"><a href=\"https:\/\/www.entergislaved.se\/en\/living-gislaved\/live\/anderstorp\/\">Anderstorp<\/a><\/li>\n<li class=\"page_item page-item-2094\"><a href=\"https:\/\/www.entergislaved.se\/en\/living-gislaved\/live\/smalandsstenar\/\">Sm\u00e5landsstenar<\/a><\/li>\n<li class=\"page_item page-item-2096\"><a href=\"https:\/\/www.entergislaved.se\/en\/living-gislaved\/live\/hestra\/\">Hestra<\/a><\/li>\n<li class=\"page_item page-item-2098\"><a href=\"https:\/\/www.entergislaved.se\/en\/living-gislaved\/live\/reftele\/\">Reftele<\/a><\/li>\n<li class=\"page_item page-item-2100\"><a href=\"https:\/\/www.entergislaved.se\/en\/living-gislaved\/live\/burseryd\/\">Burseryd<\/a><\/li>\n<li class=\"page_item page-item-2102\"><a href=\"https:\/\/www.entergislaved.se\/en\/living-gislaved\/live\/skeppshult\/\">Skeppshult<\/a><\/li>\n<li class=\"page_item page-item-2104\"><a href=\"https:\/\/www.entergislaved.se\/en\/living-gislaved\/live\/broaryd\/\">Broaryd<\/a><\/li>\n<li class=\"page_item page-item-2106\"><a href=\"https:\/\/www.entergislaved.se\/en\/living-gislaved\/live\/accommodations-for-sale\/\">Accommodations for sale<\/a><\/li>\n<\/ul><\/div>\n  <div class=\"subpage-contact-container custom-sidebar-block\">\n    <div class=\"subpage-contact-title\">\n      <h3>Contact us<\/h3>\n    <\/div>\n    <div class=\"subpage-contact-information-wrap\">\n      <div class=\"subpage-contact-single-info\">Stortorget 2<\/div>\n      <div class=\"subpage-contact-single-info\">332 30 Gislaved<\/div>\n      <div class=\"subpage-contact-single-info\"><a href=\"mailto:info@entergislaved.se\">info@entergislaved.se<\/a><\/div>\n      <div class=\"-single-info\"><a href=\"tel:+4637180600\">+46 371-806 00<\/a><\/div>\n      <div class=\"subpage-contact-single-info\"><\/div>\n    <\/div>\n  <\/div>\n  \n  <div class=\"subpage-extra-link-container custom-sidebar-block\">\n    <div class=\"subpage-extra-link-title\">\n      <h3>Useful information<\/h3>\n    <\/div>\n    <div class=\"subpage-extra-link-single\">\n      <a href=\"https:\/\/sciencepark.se\/english\/\"><strong>Science Park:<\/strong> Support for those who want to do something great with their ideas<\/a>\n      <a href=\"https:\/\/www.verksamt.se\/en\/web\/international\"><strong>Verksamt:<\/strong> A partnership between agencies to help business<\/a>\n      <a href=\"https:\/\/www.almi.se\/en\/in-english\/\"><strong>Almi:<\/strong> Offering loans, advice and venture capital to companies<\/a>\n      <a href=\"http:\/\/www.driva-eget.se\"><\/a>\n      <a href=\"http:\/\/www.finansieringsportalen.se\"><\/a>\n      <a href=\"https:\/\/enterpriseeurope.se\/in-english.html\"><strong>Enterprise Europe Network:<\/strong> Help in reaching new markets<\/a>\n      <a href=\"https:\/\/www.ekn.se\/en\/\"><strong> EKN, The Swedish Export Credit Agency: <\/strong> A goverment agency that promotes Swedish exports<\/a>\n      <a href=\"http:\/\/www.innovation-design.info\/\"><\/a>\n      \n    <\/div>\n  <\/div>\n  [\/vc_column][\/vc_row]<\/p>\n<\/div>","protected":false},"excerpt":{"rendered":"<p>[vc_row][vc_column width=&#8221;8\/12&#8243;][vc_column_text] Skeppshult The little town of Skeppshult is dominated by Skeppshult&#8217;s foundry, which has occupied the same site since 1906, and Skeppshult&#8217;s Bicycles \u2013 which according to the company itself makes the world&#8217;s most beautiful bicycle. Skeppshult is neighbour to Sm\u00e5landsstenar, which is within easy reach by bike. Housing Skeppshult has a number of [&hellip;]<\/p>\n","protected":false},"author":1,"featured_media":0,"parent":2081,"menu_order":7,"comment_status":"closed","ping_status":"closed","template":"","meta":{"_acf_changed":false,"footnotes":""},"class_list":["post-2102","page","type-page","status-publish","hentry"],"acf":[],"yoast_head":"<!-- This site is optimized with the Yoast SEO plugin v27.4 - https:\/\/yoast.com\/product\/yoast-seo-wordpress\/ -->\n<title>Skeppshult - Enter Gislaved<\/title>\n<meta name=\"robots\" content=\"index, follow, max-snippet:-1, max-image-preview:large, max-video-preview:-1\" \/>\n<link rel=\"canonical\" href=\"https:\/\/www.entergislaved.se\/en\/living-gislaved\/live\/skeppshult\/\" \/>\n<meta property=\"og:locale\" content=\"en_US\" \/>\n<meta property=\"og:type\" content=\"article\" \/>\n<meta property=\"og:title\" content=\"Skeppshult - Enter Gislaved\" \/>\n<meta property=\"og:description\" content=\"[vc_row][vc_column width=&#8221;8\/12&#8243;][vc_column_text] Skeppshult The little town of Skeppshult is dominated by Skeppshult&#8217;s foundry, which has occupied the same site since 1906, and Skeppshult&#8217;s Bicycles \u2013 which according to the company itself makes the world&#8217;s most beautiful bicycle. Skeppshult is neighbour to Sm\u00e5landsstenar, which is within easy reach by bike. Housing Skeppshult has a number of [&hellip;]\" \/>\n<meta property=\"og:url\" content=\"https:\/\/www.entergislaved.se\/en\/living-gislaved\/live\/skeppshult\/\" \/>\n<meta property=\"og:site_name\" content=\"Enter Gislaved\" \/>\n<meta property=\"article:modified_time\" content=\"2019-12-12T14:25:55+00:00\" \/>\n<meta name=\"twitter:card\" content=\"summary_large_image\" \/>\n<meta name=\"twitter:label1\" content=\"Est. reading time\" \/>\n\t<meta name=\"twitter:data1\" content=\"2 minutes\" \/>\n<script type=\"application\/ld+json\" class=\"yoast-schema-graph\">{\"@context\":\"https:\\\/\\\/schema.org\",\"@graph\":[{\"@type\":\"WebPage\",\"@id\":\"https:\\\/\\\/www.entergislaved.se\\\/en\\\/living-gislaved\\\/live\\\/skeppshult\\\/\",\"url\":\"https:\\\/\\\/www.entergislaved.se\\\/en\\\/living-gislaved\\\/live\\\/skeppshult\\\/\",\"name\":\"Skeppshult - Enter Gislaved\",\"isPartOf\":{\"@id\":\"https:\\\/\\\/www.entergislaved.se\\\/en\\\/#website\"},\"datePublished\":\"2019-11-26T11:06:06+00:00\",\"dateModified\":\"2019-12-12T14:25:55+00:00\",\"breadcrumb\":{\"@id\":\"https:\\\/\\\/www.entergislaved.se\\\/en\\\/living-gislaved\\\/live\\\/skeppshult\\\/#breadcrumb\"},\"inLanguage\":\"en-US\",\"potentialAction\":[{\"@type\":\"ReadAction\",\"target\":[\"https:\\\/\\\/www.entergislaved.se\\\/en\\\/living-gislaved\\\/live\\\/skeppshult\\\/\"]}]},{\"@type\":\"BreadcrumbList\",\"@id\":\"https:\\\/\\\/www.entergislaved.se\\\/en\\\/living-gislaved\\\/live\\\/skeppshult\\\/#breadcrumb\",\"itemListElement\":[{\"@type\":\"ListItem\",\"position\":1,\"name\":\"Living Gislaved\",\"item\":\"https:\\\/\\\/www.entergislaved.se\\\/en\\\/living-gislaved\\\/\"},{\"@type\":\"ListItem\",\"position\":2,\"name\":\"Live\",\"item\":\"https:\\\/\\\/www.entergislaved.se\\\/en\\\/living-gislaved\\\/live\\\/\"},{\"@type\":\"ListItem\",\"position\":3,\"name\":\"Skeppshult\"}]},{\"@type\":\"WebSite\",\"@id\":\"https:\\\/\\\/www.entergislaved.se\\\/en\\\/#website\",\"url\":\"https:\\\/\\\/www.entergislaved.se\\\/en\\\/\",\"name\":\"Enter Gislaved\",\"description\":\"Till din tj\u00e4nst\",\"potentialAction\":[{\"@type\":\"SearchAction\",\"target\":{\"@type\":\"EntryPoint\",\"urlTemplate\":\"https:\\\/\\\/www.entergislaved.se\\\/en\\\/?s={search_term_string}\"},\"query-input\":{\"@type\":\"PropertyValueSpecification\",\"valueRequired\":true,\"valueName\":\"search_term_string\"}}],\"inLanguage\":\"en-US\"}]}<\/script>\n<!-- \/ Yoast SEO plugin. -->","yoast_head_json":{"title":"Skeppshult - Enter Gislaved","robots":{"index":"index","follow":"follow","max-snippet":"max-snippet:-1","max-image-preview":"max-image-preview:large","max-video-preview":"max-video-preview:-1"},"canonical":"https:\/\/www.entergislaved.se\/en\/living-gislaved\/live\/skeppshult\/","og_locale":"en_US","og_type":"article","og_title":"Skeppshult - Enter Gislaved","og_description":"[vc_row][vc_column width=&#8221;8\/12&#8243;][vc_column_text] Skeppshult The little town of Skeppshult is dominated by Skeppshult&#8217;s foundry, which has occupied the same site since 1906, and Skeppshult&#8217;s Bicycles \u2013 which according to the company itself makes the world&#8217;s most beautiful bicycle. Skeppshult is neighbour to Sm\u00e5landsstenar, which is within easy reach by bike. Housing Skeppshult has a number of [&hellip;]","og_url":"https:\/\/www.entergislaved.se\/en\/living-gislaved\/live\/skeppshult\/","og_site_name":"Enter Gislaved","article_modified_time":"2019-12-12T14:25:55+00:00","twitter_card":"summary_large_image","twitter_misc":{"Est. reading time":"2 minutes"},"schema":{"@context":"https:\/\/schema.org","@graph":[{"@type":"WebPage","@id":"https:\/\/www.entergislaved.se\/en\/living-gislaved\/live\/skeppshult\/","url":"https:\/\/www.entergislaved.se\/en\/living-gislaved\/live\/skeppshult\/","name":"Skeppshult - Enter Gislaved","isPartOf":{"@id":"https:\/\/www.entergislaved.se\/en\/#website"},"datePublished":"2019-11-26T11:06:06+00:00","dateModified":"2019-12-12T14:25:55+00:00","breadcrumb":{"@id":"https:\/\/www.entergislaved.se\/en\/living-gislaved\/live\/skeppshult\/#breadcrumb"},"inLanguage":"en-US","potentialAction":[{"@type":"ReadAction","target":["https:\/\/www.entergislaved.se\/en\/living-gislaved\/live\/skeppshult\/"]}]},{"@type":"BreadcrumbList","@id":"https:\/\/www.entergislaved.se\/en\/living-gislaved\/live\/skeppshult\/#breadcrumb","itemListElement":[{"@type":"ListItem","position":1,"name":"Living Gislaved","item":"https:\/\/www.entergislaved.se\/en\/living-gislaved\/"},{"@type":"ListItem","position":2,"name":"Live","item":"https:\/\/www.entergislaved.se\/en\/living-gislaved\/live\/"},{"@type":"ListItem","position":3,"name":"Skeppshult"}]},{"@type":"WebSite","@id":"https:\/\/www.entergislaved.se\/en\/#website","url":"https:\/\/www.entergislaved.se\/en\/","name":"Enter Gislaved","description":"Till din tj\u00e4nst","potentialAction":[{"@type":"SearchAction","target":{"@type":"EntryPoint","urlTemplate":"https:\/\/www.entergislaved.se\/en\/?s={search_term_string}"},"query-input":{"@type":"PropertyValueSpecification","valueRequired":true,"valueName":"search_term_string"}}],"inLanguage":"en-US"}]}},"_links":{"self":[{"href":"https:\/\/www.entergislaved.se\/en\/wp-json\/wp\/v2\/pages\/2102","targetHints":{"allow":["GET"]}}],"collection":[{"href":"https:\/\/www.entergislaved.se\/en\/wp-json\/wp\/v2\/pages"}],"about":[{"href":"https:\/\/www.entergislaved.se\/en\/wp-json\/wp\/v2\/types\/page"}],"author":[{"embeddable":true,"href":"https:\/\/www.entergislaved.se\/en\/wp-json\/wp\/v2\/users\/1"}],"replies":[{"embeddable":true,"href":"https:\/\/www.entergislaved.se\/en\/wp-json\/wp\/v2\/comments?post=2102"}],"version-history":[{"count":3,"href":"https:\/\/www.entergislaved.se\/en\/wp-json\/wp\/v2\/pages\/2102\/revisions"}],"predecessor-version":[{"id":2149,"href":"https:\/\/www.entergislaved.se\/en\/wp-json\/wp\/v2\/pages\/2102\/revisions\/2149"}],"up":[{"embeddable":true,"href":"https:\/\/www.entergislaved.se\/en\/wp-json\/wp\/v2\/pages\/2081"}],"wp:attachment":[{"href":"https:\/\/www.entergislaved.se\/en\/wp-json\/wp\/v2\/media?parent=2102"}],"curies":[{"name":"wp","href":"https:\/\/api.w.org\/{rel}","templated":true}]}}