{"id":6142,"date":"2022-03-11T12:30:55","date_gmt":"2022-03-11T11:30:55","guid":{"rendered":"https:\/\/www.entergislaved.se\/besok-upplev\/"},"modified":"2025-10-06T14:36:30","modified_gmt":"2025-10-06T12:36:30","slug":"visit-experience","status":"publish","type":"page","link":"https:\/\/www.entergislaved.se\/en\/visit-experience\/","title":{"rendered":"Visit &#038; experience"},"content":{"rendered":"<div class=\"wpb-content-wrapper\"><p>[vc_row el_class=&#8221;puff-subpage-3&#8243;][vc_column width=&#8221;2\/3&#8243; el_class=&#8221;puff-subpage-3&#8243;][vc_column_text]<\/p>\n<h1>Visit &amp; Experience Sm\u00e5land<\/h1>\n<p>In our part of Sm\u00e5land, nature is always close to you. With an unbeatable range of adventure activities, 388 lakes, lush forests and hiking trails, we have something for everyone, whether you\u2019re looking for relaxation or fast-paced experiences.<\/p>\n<p>Here you\u2019ll find southern Sweden\u2019s largest ski slope Isaberg offering skiing in the winter. For the rest of the year, it becomes an adventure centre with mountain bike trails, downhill, tobogganing, a high-rope course and much more that you don\u2019t want to miss.<\/p>\n<p>If you prefer racing, we offer competitions on both two and four wheels on our motor track and speedway track, and for those who want to get into the racing action themselves, you shouldn\u2019t miss our go-karting track.<\/p>\n<p>We have a broad range of cultural activities packed with everything from music, dance, art, theatre and literature to nature reserves, industrial museums and local heritage associations.<\/p>\n<p>Come and visit our part of Sm\u00e5land.<br \/>\n[\/vc_column_text][vc_column_text css=&#8221;.vc_custom_1653979062470{margin-bottom: 0px !important;}&#8221;][\/vc_column_text][vc_separator color=&#8221;white&#8221; css=&#8221;.vc_custom_1652966957976{margin-bottom: 0px !important;}&#8221;]\n    <a href=\"https:\/\/www.visitisabergsregionen.se\/sv\/upplev\/natur-friluftsliv\/\" class=\"image-block-entrance\" aria-label=\"Nature & Recreation\" target=\"_blank\">\n      <span role=\"img\" aria-label=\"\" class=\"image-block-entrance__image\" style=\"background-image: url(https:\/\/www.entergislaved.se\/wp-content\/uploads\/2022\/05\/18052022-Vandring_CJ_030-scaled.jpg);\"><\/span>\n      <div class=\"image-block-entrance__link-text\"><i class=\"icon-arrow\"><\/i>Nature & Recreation<\/div>\n    <\/a>\n  \n    <a href=\"https:\/\/www.visitisabergsregionen.se\/sv\/upplev\/\" class=\"image-block-entrance\" aria-label=\"Experience\" target=\"_blank\">\n      <span role=\"img\" aria-label=\"\" class=\"image-block-entrance__image\" style=\"background-image: url(https:\/\/www.entergislaved.se\/wp-content\/uploads\/2022\/05\/IMG_0124-scaled.jpg);\"><\/span>\n      <div class=\"image-block-entrance__link-text\"><i class=\"icon-arrow\"><\/i>Experience<\/div>\n    <\/a>\n  \n    <a href=\"https:\/\/www.visitisabergsregionen.se\/sv\/mat-dryck\/\" class=\"image-block-entrance\" aria-label=\"Food & Drink\" target=\"_blank\">\n      <span role=\"img\" aria-label=\"\" class=\"image-block-entrance__image\" style=\"background-image: url(https:\/\/www.entergislaved.se\/wp-content\/uploads\/2022\/05\/Hestraviken-foto_Hestraviken-3-scaled.jpg);\"><\/span>\n      <div class=\"image-block-entrance__link-text\"><i class=\"icon-arrow\"><\/i>Food & Drink<\/div>\n    <\/a>\n  \n    <a href=\"https:\/\/www.visitisabergsregionen.se\/sv\/boende\/\" class=\"image-block-entrance\" aria-label=\"Accommodation\" target=\"_blank\">\n      <span role=\"img\" aria-label=\"\" class=\"image-block-entrance__image\" style=\"background-image: url(https:\/\/www.entergislaved.se\/wp-content\/uploads\/2022\/05\/Hestra-Guesthouse.-Foto-Kim-Svensen-scaled.jpg);\"><\/span>\n      <div class=\"image-block-entrance__link-text\"><i class=\"icon-arrow\"><\/i>Accommodation<\/div>\n    <\/a>\n  \n    <a href=\"https:\/\/www.visitisabergsregionen.se\/sv\/evenemang\/\" class=\"image-block-entrance\" aria-label=\"Events\" target=\"_blank\">\n      <span role=\"img\" aria-label=\"\" class=\"image-block-entrance__image\" style=\"background-image: url(https:\/\/www.entergislaved.se\/wp-content\/uploads\/2022\/05\/Gislaved-Drum-Corps-Foto-Monika-Suvajac-scaled.jpg);\"><\/span>\n      <div class=\"image-block-entrance__link-text\"><i class=\"icon-arrow\"><\/i>Events<\/div>\n    <\/a>\n  \n    <a href=\"https:\/\/www.visitisabergsregionen.se\/sv\/vi-tipsar\/bra-att-veta\/\" class=\"image-block-entrance\" aria-label=\"Tourist information\" target=\"_blank\">\n      <span role=\"img\" aria-label=\"\" class=\"image-block-entrance__image\" style=\"background-image: url(https:\/\/www.entergislaved.se\/wp-content\/uploads\/2022\/05\/turistbyra-skylt-med-blommor-scaled.jpg);\"><\/span>\n      <div class=\"image-block-entrance__link-text\"><i class=\"icon-arrow\"><\/i>Tourist information<\/div>\n    <\/a>\n  [\/vc_column][vc_column width=&#8221;1\/3&#8243;]\n  <div class=\"subpage-contact-container custom-sidebar-block\">\n    <div class=\"subpage-contact-title\">\n      <h3>Contact us<\/h3>\n    <\/div>\n    <div class=\"subpage-contact-information-wrap\">\n      <div class=\"subpage-contact-single-info\">Emma Sj\u00f6berg<\/div>\n      <div class=\"subpage-contact-single-info\">Tourism Developer, Enter Gislaved<\/div>\n      <div class=\"subpage-contact-single-info\"><a href=\"mailto:emma@entergislaved.se\">emma@entergislaved.se<\/a><\/div>\n      <div class=\"-single-info\"><a href=\"tel:+4637184484\">+46 371-844 84<\/a><\/div>\n      <div class=\"subpage-contact-single-info\"><\/div>\n    <\/div>\n  <\/div>\n  \n  <div class=\"subpage-extra-link-container custom-sidebar-block\">\n    <div class=\"subpage-extra-link-title\">\n      <h3>Good to know<\/h3>\n    <\/div>\n    <div class=\"subpage-extra-link-single\">\n      <a href=\"https:\/\/www.visitsmaland.se\/sv\"><strong> Visit Sm\u00e5land: <\/strong> Experiences in Sm\u00e5land<\/a>\n      <a href=\"https:\/\/sjoriket.se\/\"><strong> Sm\u00e5lands Sj\u00f6rike: <\/strong> A kingdom that is open to everyone<\/a>\n      <a href=\"https:\/\/visitfegen.se\/\"><strong> Visit Fegen: <\/strong> With opportunities for an active outdoor life<\/a>\n      <a href=\"https:\/\/www.naturkartan.se\/sv\/search?query=gislaved\"><strong> Naturkartan: <\/strong> your guide to nature<\/a>\n      \n      \n      \n      \n      \n    <\/div>\n  <\/div>\n  [\/vc_column][\/vc_row][vc_row disable_element=&#8221;yes&#8221; el_class=&#8221;puff-subpage-3&#8243;][vc_column width=&#8221;2\/3&#8243; el_class=&#8221;puff-subpage-3&#8243;][vc_column_text]<\/p>\n<h3 class=\"x_MsoNormal\"><b>Tips p\u00e5 st\u00e4llen att bes\u00f6ka<\/b><\/h3>\n<p class=\"x_MsoNormal\"><a href=\"https:\/\/www.isaberg.com\/sv\/vinter\" target=\"_blank\" rel=\"noopener noreferrer\" data-auth=\"NotApplicable\" data-linkindex=\"4\">Isaberg Mountain Resort<\/a><\/p>\n<p class=\"x_MsoNormal\"><a href=\"https:\/\/www.srwanderstorp.se\/sv\/\" target=\"_blank\" rel=\"noopener noreferrer\" data-auth=\"NotApplicable\" data-linkindex=\"5\"><span lang=\"EN-US\">Scandinavian Raceway<\/span><\/a><\/p>\n<p class=\"x_MsoNormal\"><a href=\"https:\/\/www.highchaparral.se\/\" target=\"_blank\" rel=\"noopener noreferrer\" data-auth=\"NotApplicable\" data-linkindex=\"6\"><span lang=\"EN-US\">High Chaparral<\/span><\/a><\/p>\n<p class=\"x_MsoNormal\"><a href=\"https:\/\/www.bolmen.com\/\" target=\"_blank\" rel=\"noopener noreferrer\" data-auth=\"NotApplicable\" data-linkindex=\"7\"><span lang=\"EN-US\">Sj\u00f6n Bolmen<\/span><\/a><\/p>\n<p class=\"x_MsoNormal\"><a href=\"https:\/\/www.sverigesnationalparker.se\/storemosse\" target=\"_blank\" rel=\"noopener noreferrer\" data-auth=\"NotApplicable\" data-linkindex=\"8\">Store Mosse nationalpark<\/a><\/p>\n<p>[\/vc_column_text][\/vc_column][vc_column width=&#8221;1\/3&#8243;][\/vc_column][\/vc_row]<\/p>\n<\/div>","protected":false},"excerpt":{"rendered":"<p>[vc_row el_class=&#8221;puff-subpage-3&#8243;][vc_column width=&#8221;2\/3&#8243; el_class=&#8221;puff-subpage-3&#8243;][vc_column_text] Visit &amp; Experience Sm\u00e5land In our part of Sm\u00e5land, nature is always close to you. With an unbeatable range of adventure activities, 388 lakes, lush forests and hiking trails, we have something for everyone, whether you\u2019re looking for relaxation or fast-paced experiences. Here you\u2019ll find southern Sweden\u2019s largest ski slope Isaberg [&hellip;]<\/p>\n","protected":false},"author":1,"featured_media":4685,"parent":0,"menu_order":0,"comment_status":"closed","ping_status":"closed","template":"","meta":{"_acf_changed":false,"footnotes":""},"class_list":["post-6142","page","type-page","status-publish","has-post-thumbnail","hentry"],"acf":[],"yoast_head":"<!-- This site is optimized with the Yoast SEO plugin v27.5 - https:\/\/yoast.com\/product\/yoast-seo-wordpress\/ -->\n<title>Visit &amp; experience - Enter Gislaved<\/title>\n<meta name=\"description\" content=\"Bes\u00f6k och upplev Sm\u00e5land. H\u00e4r finns fartfyllda upplevelser, intressanta bes\u00f6ksm\u00e5l och Sm\u00e5lands st\u00f6rsta mountainbikeomr\u00e5de, Isaberg.\" \/>\n<meta name=\"robots\" content=\"index, follow, max-snippet:-1, max-image-preview:large, max-video-preview:-1\" \/>\n<link rel=\"canonical\" href=\"https:\/\/www.entergislaved.se\/en\/visit-experience\/\" \/>\n<meta property=\"og:locale\" content=\"en_US\" \/>\n<meta property=\"og:type\" content=\"article\" \/>\n<meta property=\"og:title\" content=\"Visit &amp; experience - Enter Gislaved\" \/>\n<meta property=\"og:description\" content=\"Bes\u00f6k och upplev Sm\u00e5land. H\u00e4r finns fartfyllda upplevelser, intressanta bes\u00f6ksm\u00e5l och Sm\u00e5lands st\u00f6rsta mountainbikeomr\u00e5de, Isaberg.\" \/>\n<meta property=\"og:url\" content=\"https:\/\/www.entergislaved.se\/en\/visit-experience\/\" \/>\n<meta property=\"og:site_name\" content=\"Enter Gislaved\" \/>\n<meta property=\"article:modified_time\" content=\"2025-10-06T12:36:30+00:00\" \/>\n<meta property=\"og:image\" content=\"https:\/\/www.entergislaved.se\/wp-content\/uploads\/2022\/06\/Besok_upplev-Header2.jpg\" \/>\n\t<meta property=\"og:image:width\" content=\"2560\" \/>\n\t<meta property=\"og:image:height\" content=\"1027\" \/>\n\t<meta property=\"og:image:type\" content=\"image\/jpeg\" \/>\n<meta name=\"twitter:card\" content=\"summary_large_image\" \/>\n<meta name=\"twitter:label1\" content=\"Est. reading time\" \/>\n\t<meta name=\"twitter:data1\" content=\"3 minutes\" \/>\n<script type=\"application\/ld+json\" class=\"yoast-schema-graph\">{\"@context\":\"https:\\\/\\\/schema.org\",\"@graph\":[{\"@type\":\"WebPage\",\"@id\":\"https:\\\/\\\/www.entergislaved.se\\\/en\\\/visit-experience\\\/\",\"url\":\"https:\\\/\\\/www.entergislaved.se\\\/en\\\/visit-experience\\\/\",\"name\":\"Visit & experience - Enter Gislaved\",\"isPartOf\":{\"@id\":\"https:\\\/\\\/www.entergislaved.se\\\/en\\\/#website\"},\"primaryImageOfPage\":{\"@id\":\"https:\\\/\\\/www.entergislaved.se\\\/en\\\/visit-experience\\\/#primaryimage\"},\"image\":{\"@id\":\"https:\\\/\\\/www.entergislaved.se\\\/en\\\/visit-experience\\\/#primaryimage\"},\"thumbnailUrl\":\"https:\\\/\\\/www.entergislaved.se\\\/wp-content\\\/uploads\\\/2022\\\/06\\\/Besok_upplev-Header2.jpg\",\"datePublished\":\"2022-03-11T11:30:55+00:00\",\"dateModified\":\"2025-10-06T12:36:30+00:00\",\"description\":\"Bes\u00f6k och upplev Sm\u00e5land. H\u00e4r finns fartfyllda upplevelser, intressanta bes\u00f6ksm\u00e5l och Sm\u00e5lands st\u00f6rsta mountainbikeomr\u00e5de, Isaberg.\",\"inLanguage\":\"en-US\",\"potentialAction\":[{\"@type\":\"ReadAction\",\"target\":[\"https:\\\/\\\/www.entergislaved.se\\\/en\\\/visit-experience\\\/\"]}]},{\"@type\":\"ImageObject\",\"inLanguage\":\"en-US\",\"@id\":\"https:\\\/\\\/www.entergislaved.se\\\/en\\\/visit-experience\\\/#primaryimage\",\"url\":\"https:\\\/\\\/www.entergislaved.se\\\/wp-content\\\/uploads\\\/2022\\\/06\\\/Besok_upplev-Header2.jpg\",\"contentUrl\":\"https:\\\/\\\/www.entergislaved.se\\\/wp-content\\\/uploads\\\/2022\\\/06\\\/Besok_upplev-Header2.jpg\",\"width\":2560,\"height\":1027,\"caption\":\"Fem personer vandrar p\u00e5 en vandringsled i Gislaveds kommun\"},{\"@type\":\"WebSite\",\"@id\":\"https:\\\/\\\/www.entergislaved.se\\\/en\\\/#website\",\"url\":\"https:\\\/\\\/www.entergislaved.se\\\/en\\\/\",\"name\":\"Enter Gislaved\",\"description\":\"Till din tj\u00e4nst\",\"potentialAction\":[{\"@type\":\"SearchAction\",\"target\":{\"@type\":\"EntryPoint\",\"urlTemplate\":\"https:\\\/\\\/www.entergislaved.se\\\/en\\\/?s={search_term_string}\"},\"query-input\":{\"@type\":\"PropertyValueSpecification\",\"valueRequired\":true,\"valueName\":\"search_term_string\"}}],\"inLanguage\":\"en-US\"}]}<\/script>\n<!-- \/ Yoast SEO plugin. -->","yoast_head_json":{"title":"Visit & experience - Enter Gislaved","description":"Bes\u00f6k och upplev Sm\u00e5land. H\u00e4r finns fartfyllda upplevelser, intressanta bes\u00f6ksm\u00e5l och Sm\u00e5lands st\u00f6rsta mountainbikeomr\u00e5de, Isaberg.","robots":{"index":"index","follow":"follow","max-snippet":"max-snippet:-1","max-image-preview":"max-image-preview:large","max-video-preview":"max-video-preview:-1"},"canonical":"https:\/\/www.entergislaved.se\/en\/visit-experience\/","og_locale":"en_US","og_type":"article","og_title":"Visit & experience - Enter Gislaved","og_description":"Bes\u00f6k och upplev Sm\u00e5land. H\u00e4r finns fartfyllda upplevelser, intressanta bes\u00f6ksm\u00e5l och Sm\u00e5lands st\u00f6rsta mountainbikeomr\u00e5de, Isaberg.","og_url":"https:\/\/www.entergislaved.se\/en\/visit-experience\/","og_site_name":"Enter Gislaved","article_modified_time":"2025-10-06T12:36:30+00:00","og_image":[{"width":2560,"height":1027,"url":"https:\/\/www.entergislaved.se\/wp-content\/uploads\/2022\/06\/Besok_upplev-Header2.jpg","type":"image\/jpeg"}],"twitter_card":"summary_large_image","twitter_misc":{"Est. reading time":"3 minutes"},"schema":{"@context":"https:\/\/schema.org","@graph":[{"@type":"WebPage","@id":"https:\/\/www.entergislaved.se\/en\/visit-experience\/","url":"https:\/\/www.entergislaved.se\/en\/visit-experience\/","name":"Visit & experience - Enter Gislaved","isPartOf":{"@id":"https:\/\/www.entergislaved.se\/en\/#website"},"primaryImageOfPage":{"@id":"https:\/\/www.entergislaved.se\/en\/visit-experience\/#primaryimage"},"image":{"@id":"https:\/\/www.entergislaved.se\/en\/visit-experience\/#primaryimage"},"thumbnailUrl":"https:\/\/www.entergislaved.se\/wp-content\/uploads\/2022\/06\/Besok_upplev-Header2.jpg","datePublished":"2022-03-11T11:30:55+00:00","dateModified":"2025-10-06T12:36:30+00:00","description":"Bes\u00f6k och upplev Sm\u00e5land. H\u00e4r finns fartfyllda upplevelser, intressanta bes\u00f6ksm\u00e5l och Sm\u00e5lands st\u00f6rsta mountainbikeomr\u00e5de, Isaberg.","inLanguage":"en-US","potentialAction":[{"@type":"ReadAction","target":["https:\/\/www.entergislaved.se\/en\/visit-experience\/"]}]},{"@type":"ImageObject","inLanguage":"en-US","@id":"https:\/\/www.entergislaved.se\/en\/visit-experience\/#primaryimage","url":"https:\/\/www.entergislaved.se\/wp-content\/uploads\/2022\/06\/Besok_upplev-Header2.jpg","contentUrl":"https:\/\/www.entergislaved.se\/wp-content\/uploads\/2022\/06\/Besok_upplev-Header2.jpg","width":2560,"height":1027,"caption":"Fem personer vandrar p\u00e5 en vandringsled i Gislaveds kommun"},{"@type":"WebSite","@id":"https:\/\/www.entergislaved.se\/en\/#website","url":"https:\/\/www.entergislaved.se\/en\/","name":"Enter Gislaved","description":"Till din tj\u00e4nst","potentialAction":[{"@type":"SearchAction","target":{"@type":"EntryPoint","urlTemplate":"https:\/\/www.entergislaved.se\/en\/?s={search_term_string}"},"query-input":{"@type":"PropertyValueSpecification","valueRequired":true,"valueName":"search_term_string"}}],"inLanguage":"en-US"}]}},"_links":{"self":[{"href":"https:\/\/www.entergislaved.se\/en\/wp-json\/wp\/v2\/pages\/6142","targetHints":{"allow":["GET"]}}],"collection":[{"href":"https:\/\/www.entergislaved.se\/en\/wp-json\/wp\/v2\/pages"}],"about":[{"href":"https:\/\/www.entergislaved.se\/en\/wp-json\/wp\/v2\/types\/page"}],"author":[{"embeddable":true,"href":"https:\/\/www.entergislaved.se\/en\/wp-json\/wp\/v2\/users\/1"}],"replies":[{"embeddable":true,"href":"https:\/\/www.entergislaved.se\/en\/wp-json\/wp\/v2\/comments?post=6142"}],"version-history":[{"count":5,"href":"https:\/\/www.entergislaved.se\/en\/wp-json\/wp\/v2\/pages\/6142\/revisions"}],"predecessor-version":[{"id":8416,"href":"https:\/\/www.entergislaved.se\/en\/wp-json\/wp\/v2\/pages\/6142\/revisions\/8416"}],"wp:featuredmedia":[{"embeddable":true,"href":"https:\/\/www.entergislaved.se\/en\/wp-json\/wp\/v2\/media\/4685"}],"wp:attachment":[{"href":"https:\/\/www.entergislaved.se\/en\/wp-json\/wp\/v2\/media?parent=6142"}],"curies":[{"name":"wp","href":"https:\/\/api.w.org\/{rel}","templated":true}]}}