{"id":6155,"date":"2022-05-19T09:56:03","date_gmt":"2022-05-19T07:56:03","guid":{"rendered":"https:\/\/www.entergislaved.se\/industri\/"},"modified":"2024-03-01T09:46:31","modified_gmt":"2024-03-01T08:46:31","slug":"industri","status":"publish","type":"page","link":"https:\/\/www.entergislaved.se\/en\/industri\/","title":{"rendered":"Industry"},"content":{"rendered":"<div class=\"wpb-content-wrapper\"><p>[vc_row el_class=&#8221;puff-subpage-3&#8243;][vc_column width=&#8221;2\/3&#8243;][vc_column_text css=&#8221;.vc_custom_1680103235025{margin-bottom: 30px !important;}&#8221;]<\/p>\n<h1>Industry<\/h1>\n<p>Industry in our municipality is spread over several sectors of varying sizes. To support industry and its stable development, we at Enter have a broad network of contacts in several areas to further support development. We\u2019re happy to act as a sounding board for you to find the right answers in matters relating to digitalisation, business development, skills, networks, establishment, logistics and sustainability, or we can just have a conversation and see where it leads. We know that there\u2019s a lot to juggle as an entrepreneur or manufacturer, and we\u2019re happy to juggle with you. We can look at important issues and current social challenges that might be affecting your business and process them in networks, via projects or one-off events. Through various projects that our partners start up and we participate in \u2013 and sometimes even run \u2013 we\u2019ll probably contact you and ask if you want to participate. Sometimes it\u2019s about your business\u2019 digital maturity or logistical challenges which involve switching from road to rail, sometimes it\u2019s about skills via SKAL, and sometimes it might be about a network that we think you could contribute to or benefit from.[\/vc_column_text]\n    <a href=\"https:\/\/www.entergislaved.se\/en\/industri\/\" class=\"image-block-entrance\" aria-label=\"Industry\">\n      <span role=\"img\" aria-label=\"\" class=\"image-block-entrance__image\" style=\"background-image: url(https:\/\/www.entergislaved.se\/wp-content\/uploads\/2022\/05\/Industri-scaled.jpg);\"><\/span>\n      <div class=\"image-block-entrance__link-text\"><i class=\"icon-arrow\"><\/i>Industry<\/div>\n    <\/a>\n  \n    <a href=\"https:\/\/www.entergislaved.se\/en\/retail\/\" class=\"image-block-entrance\" aria-label=\"Retail\">\n      <span role=\"img\" aria-label=\"\" class=\"image-block-entrance__image\" style=\"background-image: url(https:\/\/www.entergislaved.se\/wp-content\/uploads\/2022\/05\/Handel.jpg);\"><\/span>\n      <div class=\"image-block-entrance__link-text\"><i class=\"icon-arrow\"><\/i>Retail<\/div>\n    <\/a>\n  \n    <a href=\"https:\/\/www.entergislaved.se\/en\/tourism\/\" class=\"image-block-entrance\" aria-label=\"Tourism\">\n      <span role=\"img\" aria-label=\"\" class=\"image-block-entrance__image\" style=\"background-image: url(https:\/\/www.entergislaved.se\/wp-content\/uploads\/2022\/05\/Turism.jpg);\"><\/span>\n      <div class=\"image-block-entrance__link-text\"><i class=\"icon-arrow\"><\/i>Tourism<\/div>\n    <\/a>\n  \n    <a href=\"https:\/\/www.entergislaved.se\/en\/science-park\/\" class=\"image-block-entrance\" aria-label=\"Science Park\">\n      <span role=\"img\" aria-label=\"\" class=\"image-block-entrance__image\" style=\"background-image: url(https:\/\/www.entergislaved.se\/wp-content\/uploads\/2022\/05\/Science-Park-1.jpg);\"><\/span>\n      <div class=\"image-block-entrance__link-text\"><i class=\"icon-arrow\"><\/i>Science Park<\/div>\n    <\/a>\n  \n    <a href=\"https:\/\/www.entergislaved.se\/en\/green-industries\/\" class=\"image-block-entrance\" aria-label=\"Green Industries\">\n      <span role=\"img\" aria-label=\"\" class=\"image-block-entrance__image\" style=\"background-image: url(https:\/\/www.entergislaved.se\/wp-content\/uploads\/2022\/05\/grona-naringar-scaled.jpg);\"><\/span>\n      <div class=\"image-block-entrance__link-text\"><i class=\"icon-arrow\"><\/i>Green Industries<\/div>\n    <\/a>\n  \n    <a href=\"https:\/\/www.entergislaved.se\/en\/female-leadership\/\" class=\"image-block-entrance\" aria-label=\"Female Leadership\">\n      <span role=\"img\" aria-label=\"\" class=\"image-block-entrance__image\" style=\"background-image: url(https:\/\/www.entergislaved.se\/wp-content\/uploads\/2022\/05\/Kvinnligt-ledarskap-scaled.jpg);\"><\/span>\n      <div class=\"image-block-entrance__link-text\"><i class=\"icon-arrow\"><\/i>Female Leadership<\/div>\n    <\/a>\n  \n    <a href=\"https:\/\/www.entergislaved.se\/en\/competence-development\/\" class=\"image-block-entrance\" aria-label=\"Competence development\">\n      <span role=\"img\" aria-label=\"\" class=\"image-block-entrance__image\" style=\"background-image: url(https:\/\/www.entergislaved.se\/wp-content\/uploads\/2023\/09\/72-dpi_ApoS-AM-3202.jpg);\"><\/span>\n      <div class=\"image-block-entrance__link-text\"><i class=\"icon-arrow\"><\/i>Competence development<\/div>\n    <\/a>\n  [\/vc_column][vc_column width=&#8221;1\/3&#8243;]\n  <div class=\"subpage-contact-container custom-sidebar-block\">\n    <div class=\"subpage-contact-title\">\n      <h3>Contact us<\/h3>\n    <\/div>\n    <div class=\"subpage-contact-information-wrap\">\n      <div class=\"subpage-contact-single-info\">Stortorget 2<\/div>\n      <div class=\"subpage-contact-single-info\">332 30 Gislaved<\/div>\n      <div class=\"subpage-contact-single-info\"><a href=\"mailto:info@entergislaved.se\">info@entergislaved.se<\/a><\/div>\n      <div class=\"-single-info\"><a href=\"tel:+4637180600\">+46 371-806 00<\/a><\/div>\n      <div class=\"subpage-contact-single-info\"><\/div>\n    <\/div>\n  <\/div>\n  [\/vc_column][\/vc_row]<\/p>\n<\/div>","protected":false},"excerpt":{"rendered":"<p>[vc_row el_class=&#8221;puff-subpage-3&#8243;][vc_column width=&#8221;2\/3&#8243;][vc_column_text css=&#8221;.vc_custom_1680103235025{margin-bottom: 30px !important;}&#8221;] Industry Industry in our municipality is spread over several sectors of varying sizes. To support industry and its stable development, we at Enter have a broad network of contacts in several areas to further support development. We\u2019re happy to act as a sounding board for you to find the [&hellip;]<\/p>\n","protected":false},"author":1,"featured_media":4254,"parent":0,"menu_order":0,"comment_status":"closed","ping_status":"closed","template":"","meta":{"_acf_changed":false,"footnotes":""},"class_list":["post-6155","page","type-page","status-publish","has-post-thumbnail","hentry"],"acf":[],"yoast_head":"<!-- This site is optimized with the Yoast SEO plugin v27.5 - https:\/\/yoast.com\/product\/yoast-seo-wordpress\/ -->\n<title>Industry - Enter Gislaved<\/title>\n<meta name=\"description\" content=\"Som ett st\u00f6d till industrin och dess stabila utveckling kan vi fr\u00e5n Enter bidra med ett brett kontaktn\u00e4t inom flera omr\u00e5den.\" \/>\n<meta name=\"robots\" content=\"index, follow, max-snippet:-1, max-image-preview:large, max-video-preview:-1\" \/>\n<link rel=\"canonical\" href=\"https:\/\/www.entergislaved.se\/en\/industri\/\" \/>\n<meta property=\"og:locale\" content=\"en_US\" \/>\n<meta property=\"og:type\" content=\"article\" \/>\n<meta property=\"og:title\" content=\"Industry - Enter Gislaved\" \/>\n<meta property=\"og:description\" content=\"Som ett st\u00f6d till industrin och dess stabila utveckling kan vi fr\u00e5n Enter bidra med ett brett kontaktn\u00e4t inom flera omr\u00e5den.\" \/>\n<meta property=\"og:url\" content=\"https:\/\/www.entergislaved.se\/en\/industri\/\" \/>\n<meta property=\"og:site_name\" content=\"Enter Gislaved\" \/>\n<meta property=\"article:modified_time\" content=\"2024-03-01T08:46:31+00:00\" \/>\n<meta property=\"og:image\" content=\"https:\/\/www.entergislaved.se\/wp-content\/uploads\/2022\/05\/banner-industri.jpg\" \/>\n\t<meta property=\"og:image:width\" content=\"1400\" \/>\n\t<meta property=\"og:image:height\" content=\"600\" \/>\n\t<meta property=\"og:image:type\" content=\"image\/jpeg\" \/>\n<meta name=\"twitter:card\" content=\"summary_large_image\" \/>\n<meta name=\"twitter:label1\" content=\"Est. reading time\" \/>\n\t<meta name=\"twitter:data1\" content=\"2 minutes\" \/>\n<script type=\"application\/ld+json\" class=\"yoast-schema-graph\">{\"@context\":\"https:\\\/\\\/schema.org\",\"@graph\":[{\"@type\":\"WebPage\",\"@id\":\"https:\\\/\\\/www.entergislaved.se\\\/en\\\/industri\\\/\",\"url\":\"https:\\\/\\\/www.entergislaved.se\\\/en\\\/industri\\\/\",\"name\":\"Industry - Enter Gislaved\",\"isPartOf\":{\"@id\":\"https:\\\/\\\/www.entergislaved.se\\\/en\\\/#website\"},\"primaryImageOfPage\":{\"@id\":\"https:\\\/\\\/www.entergislaved.se\\\/en\\\/industri\\\/#primaryimage\"},\"image\":{\"@id\":\"https:\\\/\\\/www.entergislaved.se\\\/en\\\/industri\\\/#primaryimage\"},\"thumbnailUrl\":\"https:\\\/\\\/www.entergislaved.se\\\/wp-content\\\/uploads\\\/2022\\\/05\\\/banner-industri.jpg\",\"datePublished\":\"2022-05-19T07:56:03+00:00\",\"dateModified\":\"2024-03-01T08:46:31+00:00\",\"description\":\"Som ett st\u00f6d till industrin och dess stabila utveckling kan vi fr\u00e5n Enter bidra med ett brett kontaktn\u00e4t inom flera omr\u00e5den.\",\"inLanguage\":\"en-US\",\"potentialAction\":[{\"@type\":\"ReadAction\",\"target\":[\"https:\\\/\\\/www.entergislaved.se\\\/en\\\/industri\\\/\"]}]},{\"@type\":\"ImageObject\",\"inLanguage\":\"en-US\",\"@id\":\"https:\\\/\\\/www.entergislaved.se\\\/en\\\/industri\\\/#primaryimage\",\"url\":\"https:\\\/\\\/www.entergislaved.se\\\/wp-content\\\/uploads\\\/2022\\\/05\\\/banner-industri.jpg\",\"contentUrl\":\"https:\\\/\\\/www.entergislaved.se\\\/wp-content\\\/uploads\\\/2022\\\/05\\\/banner-industri.jpg\",\"width\":1400,\"height\":600,\"caption\":\"P\u00e5g\u00e5ende Industri arbete i Gislavedskommun\"},{\"@type\":\"WebSite\",\"@id\":\"https:\\\/\\\/www.entergislaved.se\\\/en\\\/#website\",\"url\":\"https:\\\/\\\/www.entergislaved.se\\\/en\\\/\",\"name\":\"Enter Gislaved\",\"description\":\"Till din tj\u00e4nst\",\"potentialAction\":[{\"@type\":\"SearchAction\",\"target\":{\"@type\":\"EntryPoint\",\"urlTemplate\":\"https:\\\/\\\/www.entergislaved.se\\\/en\\\/?s={search_term_string}\"},\"query-input\":{\"@type\":\"PropertyValueSpecification\",\"valueRequired\":true,\"valueName\":\"search_term_string\"}}],\"inLanguage\":\"en-US\"}]}<\/script>\n<!-- \/ Yoast SEO plugin. -->","yoast_head_json":{"title":"Industry - Enter Gislaved","description":"Som ett st\u00f6d till industrin och dess stabila utveckling kan vi fr\u00e5n Enter bidra med ett brett kontaktn\u00e4t inom flera omr\u00e5den.","robots":{"index":"index","follow":"follow","max-snippet":"max-snippet:-1","max-image-preview":"max-image-preview:large","max-video-preview":"max-video-preview:-1"},"canonical":"https:\/\/www.entergislaved.se\/en\/industri\/","og_locale":"en_US","og_type":"article","og_title":"Industry - Enter Gislaved","og_description":"Som ett st\u00f6d till industrin och dess stabila utveckling kan vi fr\u00e5n Enter bidra med ett brett kontaktn\u00e4t inom flera omr\u00e5den.","og_url":"https:\/\/www.entergislaved.se\/en\/industri\/","og_site_name":"Enter Gislaved","article_modified_time":"2024-03-01T08:46:31+00:00","og_image":[{"width":1400,"height":600,"url":"https:\/\/www.entergislaved.se\/wp-content\/uploads\/2022\/05\/banner-industri.jpg","type":"image\/jpeg"}],"twitter_card":"summary_large_image","twitter_misc":{"Est. reading time":"2 minutes"},"schema":{"@context":"https:\/\/schema.org","@graph":[{"@type":"WebPage","@id":"https:\/\/www.entergislaved.se\/en\/industri\/","url":"https:\/\/www.entergislaved.se\/en\/industri\/","name":"Industry - Enter Gislaved","isPartOf":{"@id":"https:\/\/www.entergislaved.se\/en\/#website"},"primaryImageOfPage":{"@id":"https:\/\/www.entergislaved.se\/en\/industri\/#primaryimage"},"image":{"@id":"https:\/\/www.entergislaved.se\/en\/industri\/#primaryimage"},"thumbnailUrl":"https:\/\/www.entergislaved.se\/wp-content\/uploads\/2022\/05\/banner-industri.jpg","datePublished":"2022-05-19T07:56:03+00:00","dateModified":"2024-03-01T08:46:31+00:00","description":"Som ett st\u00f6d till industrin och dess stabila utveckling kan vi fr\u00e5n Enter bidra med ett brett kontaktn\u00e4t inom flera omr\u00e5den.","inLanguage":"en-US","potentialAction":[{"@type":"ReadAction","target":["https:\/\/www.entergislaved.se\/en\/industri\/"]}]},{"@type":"ImageObject","inLanguage":"en-US","@id":"https:\/\/www.entergislaved.se\/en\/industri\/#primaryimage","url":"https:\/\/www.entergislaved.se\/wp-content\/uploads\/2022\/05\/banner-industri.jpg","contentUrl":"https:\/\/www.entergislaved.se\/wp-content\/uploads\/2022\/05\/banner-industri.jpg","width":1400,"height":600,"caption":"P\u00e5g\u00e5ende Industri arbete i Gislavedskommun"},{"@type":"WebSite","@id":"https:\/\/www.entergislaved.se\/en\/#website","url":"https:\/\/www.entergislaved.se\/en\/","name":"Enter Gislaved","description":"Till din tj\u00e4nst","potentialAction":[{"@type":"SearchAction","target":{"@type":"EntryPoint","urlTemplate":"https:\/\/www.entergislaved.se\/en\/?s={search_term_string}"},"query-input":{"@type":"PropertyValueSpecification","valueRequired":true,"valueName":"search_term_string"}}],"inLanguage":"en-US"}]}},"_links":{"self":[{"href":"https:\/\/www.entergislaved.se\/en\/wp-json\/wp\/v2\/pages\/6155","targetHints":{"allow":["GET"]}}],"collection":[{"href":"https:\/\/www.entergislaved.se\/en\/wp-json\/wp\/v2\/pages"}],"about":[{"href":"https:\/\/www.entergislaved.se\/en\/wp-json\/wp\/v2\/types\/page"}],"author":[{"embeddable":true,"href":"https:\/\/www.entergislaved.se\/en\/wp-json\/wp\/v2\/users\/1"}],"replies":[{"embeddable":true,"href":"https:\/\/www.entergislaved.se\/en\/wp-json\/wp\/v2\/comments?post=6155"}],"version-history":[{"count":5,"href":"https:\/\/www.entergislaved.se\/en\/wp-json\/wp\/v2\/pages\/6155\/revisions"}],"predecessor-version":[{"id":7152,"href":"https:\/\/www.entergislaved.se\/en\/wp-json\/wp\/v2\/pages\/6155\/revisions\/7152"}],"wp:featuredmedia":[{"embeddable":true,"href":"https:\/\/www.entergislaved.se\/en\/wp-json\/wp\/v2\/media\/4254"}],"wp:attachment":[{"href":"https:\/\/www.entergislaved.se\/en\/wp-json\/wp\/v2\/media?parent=6155"}],"curies":[{"name":"wp","href":"https:\/\/api.w.org\/{rel}","templated":true}]}}