{"id":6196,"date":"2022-06-03T11:42:56","date_gmt":"2022-06-03T09:42:56","guid":{"rendered":"https:\/\/www.entergislaved.se\/a-piece-of-smaland\/texter\/"},"modified":"2023-06-12T13:16:48","modified_gmt":"2023-06-12T11:16:48","slug":"texts","status":"publish","type":"page","link":"https:\/\/www.entergislaved.se\/en\/a-piece-of-smaland\/texts\/","title":{"rendered":"Texts"},"content":{"rendered":"<div class=\"wpb-content-wrapper\"><p>[vc_row][vc_column width=&#8221;2\/3&#8243;][vc_column_text]<\/p>\n<h1>Texts<\/h1>\n<p>Here you\u2019ll find texts which describe our area which are free to use to, for example help spread the image of our area, talk about the area when you\u2019re recruiting, or to make new residents feel welcome.[\/vc_column_text][vc_empty_space][vc_column_text]<\/p>\n<h4>Gislaved as a place<\/h4>\n<p>Perhaps you\u2019ve heard of the strong entrepreneurial spirit in the Gnosj\u00f6 region or the international racing events in the forests of Sm\u00e5land. In our part of Sm\u00e5land, we live life close to everything that\u2019s important. Here, outdoor life begins on your doorstep. Here you can feel the speed against your cheeks when skiing downhill, or smell the scent of the forest as you whiz along the mountain bike trails on Isaberg. Here you can enjoy peaceful fishing trips on the glistening waters of one of our 388 lakes. Here you can feel your heart skip a beat at the start of the race at Anderstorp race track or the speedway track in Gislaved. And here you can feel the hairs stand up on the back of your neck as our own symphony orchestra strikes the first notes at a concert.<\/p>\n<p>With us, you become part of the entrepreneurial fabric of Sm\u00e5land. You\u2019ll end up in the throngs of creative, productive Sm\u00e5landers and can get involved in developing the area yourself.<\/p>\n<p>We\u2019re driven, inquisitive and adventurous each and every day. We\u2019re also dutiful, thoughtful and calm. Others describe us as uncomplicated and unpretentious. It\u2019s probably in our DNA. We\u2019re proud of who we are. Here it\u2019s easy to put the pieces of the puzzle of life together \u2013 to strike the right balance between work and leisure.<\/p>\n<p>&nbsp;<\/p>\n<h4>Text for job advertisements \/ to sell the area<\/h4>\n<p style=\"margin-bottom: 7.5pt;\"><b><br \/>\nOur part of Sm\u00e5land \u2013 where business and the great outdoors go hand in hand.<\/b><\/p>\n<p style=\"margin-bottom: 7.5pt;\">A place with a long tradition of entrepreneurship, driven by the spirit of Gnosj\u00f6, and where doing business is part of our DNA. Here we live life close to everything that\u2019s important. Family, school and work go hand in hand with active leisure pursuits and an outdoor life that starts right on your doorstep.<\/p>\n<p style=\"margin-bottom: 7.5pt;\">Here you can get on your bike and whiz along the mountain bike trails on Isaberg, enjoy peaceful fishing trips on one of our 388 lakes, or feel your heart skip a beat at the start of the Scandinavian Raceway or the Lions\u2019 speedway team\u2019s home track. Here you\u2019ll end up in the throngs of creative, productive Sm\u00e5landers and their can-do attitude.<\/p>\n<p style=\"margin-bottom: 7.5pt;\">In our part of Sm\u00e5land, there are eight towns, close to everything that\u2019s important. Forget long commutes to and from work, and instead imagine a run in beautiful surroundings, a cup of coffee and cake with your kids in a cafe, or a day with the family at southern Sweden\u2019s largest ski resort, Isaberg Mountain Resort, where you can whiz down the slopes and then enjoy grilled sausages and hot chocolate. In our part of Sm\u00e5land, there\u2019s time for everything that\u2019s important in life. Here it\u2019s easy to get the pieces of the puzzle of life to fit together.<\/p>\n<p>&nbsp;<\/p>\n<h4>Text for the hospitality industry<\/h4>\n<p><span class=\"jCAhz ChMk0b\"><span class=\"ryNqvb\">Our part of Sm\u00e5land.<\/span><\/span> <span class=\"jCAhz ChMk0b\"><span class=\"ryNqvb\">A place with outdoor life directly outside your door.<\/span><\/span> <span class=\"jCAhz ChMk0b\"><span class=\"ryNqvb\">A place with proximity to fine hiking trails in magical forests, sparkling water from one of our 388 lakes, fast mountain bike trails and exciting racing events at the Scandinavian Raceway or the speedway track in Gislaved.<\/span><\/span> <span class=\"jCAhz ChMk0b\"><span class=\"ryNqvb\">Here, it is close to popular destinations such as Isaberg Mountain Resort, Bolmen and High Chaparral.<\/span><\/span> <span class=\"jCAhz ChMk0b\"><span class=\"ryNqvb\">We are the place characterized by an active lifestyle, and where entrepreneurship are part of our DNA.<\/span><\/span>[\/vc_column_text][\/vc_column][vc_column width=&#8221;1\/3&#8243;]\n  <div class=\"subpage-contact-container custom-sidebar-block\">\n    <div class=\"subpage-contact-title\">\n      <h3>Contact us<\/h3>\n    <\/div>\n    <div class=\"subpage-contact-information-wrap\">\n      <div class=\"subpage-contact-single-info\">Stortorget 2<\/div>\n      <div class=\"subpage-contact-single-info\">332 30 Gislaved<\/div>\n      <div class=\"subpage-contact-single-info\"><a href=\"mailto:info@entergislaved.se\">info@entergislaved.se<\/a><\/div>\n      <div class=\"-single-info\"><a href=\"tel:+4637180600\">+46 371-806 00<\/a><\/div>\n      <div class=\"subpage-contact-single-info\"><\/div>\n    <\/div>\n  <\/div>\n  [\/vc_column][\/vc_row]<\/p>\n<\/div>","protected":false},"excerpt":{"rendered":"<p>[vc_row][vc_column width=&#8221;2\/3&#8243;][vc_column_text] Texts Here you\u2019ll find texts which describe our area which are free to use to, for example help spread the image of our area, talk about the area when you\u2019re recruiting, or to make new residents feel welcome.[\/vc_column_text][vc_empty_space][vc_column_text] Gislaved as a place Perhaps you\u2019ve heard of the strong entrepreneurial spirit in the Gnosj\u00f6 [&hellip;]<\/p>\n","protected":false},"author":9,"featured_media":0,"parent":6103,"menu_order":0,"comment_status":"closed","ping_status":"closed","template":"page-templates\/page-image-bank.php","meta":{"_acf_changed":false,"footnotes":""},"class_list":["post-6196","page","type-page","status-publish","hentry"],"acf":[],"yoast_head":"<!-- This site is optimized with the Yoast SEO plugin v27.3 - https:\/\/yoast.com\/product\/yoast-seo-wordpress\/ -->\n<title>Texts - Enter Gislaved<\/title>\n<meta name=\"robots\" content=\"index, follow, max-snippet:-1, max-image-preview:large, max-video-preview:-1\" \/>\n<link rel=\"canonical\" href=\"https:\/\/www.entergislaved.se\/en\/a-piece-of-smaland\/texts\/\" \/>\n<meta property=\"og:locale\" content=\"en_US\" \/>\n<meta property=\"og:type\" content=\"article\" \/>\n<meta property=\"og:title\" content=\"Texts - Enter Gislaved\" \/>\n<meta property=\"og:description\" content=\"[vc_row][vc_column width=&#8221;2\/3&#8243;][vc_column_text] Texts Here you\u2019ll find texts which describe our area which are free to use to, for example help spread the image of our area, talk about the area when you\u2019re recruiting, or to make new residents feel welcome.[\/vc_column_text][vc_empty_space][vc_column_text] Gislaved as a place Perhaps you\u2019ve heard of the strong entrepreneurial spirit in the Gnosj\u00f6 [&hellip;]\" \/>\n<meta property=\"og:url\" content=\"https:\/\/www.entergislaved.se\/en\/a-piece-of-smaland\/texts\/\" \/>\n<meta property=\"og:site_name\" content=\"Enter Gislaved\" \/>\n<meta property=\"article:modified_time\" content=\"2023-06-12T11:16:48+00:00\" \/>\n<meta name=\"twitter:card\" content=\"summary_large_image\" \/>\n<meta name=\"twitter:label1\" content=\"Est. reading time\" \/>\n\t<meta name=\"twitter:data1\" content=\"4 minutes\" \/>\n<script type=\"application\/ld+json\" class=\"yoast-schema-graph\">{\"@context\":\"https:\\\/\\\/schema.org\",\"@graph\":[{\"@type\":\"WebPage\",\"@id\":\"https:\\\/\\\/www.entergislaved.se\\\/en\\\/a-piece-of-smaland\\\/texts\\\/\",\"url\":\"https:\\\/\\\/www.entergislaved.se\\\/en\\\/a-piece-of-smaland\\\/texts\\\/\",\"name\":\"Texts - Enter Gislaved\",\"isPartOf\":{\"@id\":\"https:\\\/\\\/www.entergislaved.se\\\/en\\\/#website\"},\"datePublished\":\"2022-06-03T09:42:56+00:00\",\"dateModified\":\"2023-06-12T11:16:48+00:00\",\"breadcrumb\":{\"@id\":\"https:\\\/\\\/www.entergislaved.se\\\/en\\\/a-piece-of-smaland\\\/texts\\\/#breadcrumb\"},\"inLanguage\":\"en-US\",\"potentialAction\":[{\"@type\":\"ReadAction\",\"target\":[\"https:\\\/\\\/www.entergislaved.se\\\/en\\\/a-piece-of-smaland\\\/texts\\\/\"]}]},{\"@type\":\"BreadcrumbList\",\"@id\":\"https:\\\/\\\/www.entergislaved.se\\\/en\\\/a-piece-of-smaland\\\/texts\\\/#breadcrumb\",\"itemListElement\":[{\"@type\":\"ListItem\",\"position\":1,\"name\":\"A piece of Sm\u00e5land\",\"item\":\"https:\\\/\\\/www.entergislaved.se\\\/en\\\/?page_id=6103\"},{\"@type\":\"ListItem\",\"position\":2,\"name\":\"Texts\"}]},{\"@type\":\"WebSite\",\"@id\":\"https:\\\/\\\/www.entergislaved.se\\\/en\\\/#website\",\"url\":\"https:\\\/\\\/www.entergislaved.se\\\/en\\\/\",\"name\":\"Enter Gislaved\",\"description\":\"Till din tj\u00e4nst\",\"potentialAction\":[{\"@type\":\"SearchAction\",\"target\":{\"@type\":\"EntryPoint\",\"urlTemplate\":\"https:\\\/\\\/www.entergislaved.se\\\/en\\\/?s={search_term_string}\"},\"query-input\":{\"@type\":\"PropertyValueSpecification\",\"valueRequired\":true,\"valueName\":\"search_term_string\"}}],\"inLanguage\":\"en-US\"}]}<\/script>\n<!-- \/ Yoast SEO plugin. -->","yoast_head_json":{"title":"Texts - Enter Gislaved","robots":{"index":"index","follow":"follow","max-snippet":"max-snippet:-1","max-image-preview":"max-image-preview:large","max-video-preview":"max-video-preview:-1"},"canonical":"https:\/\/www.entergislaved.se\/en\/a-piece-of-smaland\/texts\/","og_locale":"en_US","og_type":"article","og_title":"Texts - Enter Gislaved","og_description":"[vc_row][vc_column width=&#8221;2\/3&#8243;][vc_column_text] Texts Here you\u2019ll find texts which describe our area which are free to use to, for example help spread the image of our area, talk about the area when you\u2019re recruiting, or to make new residents feel welcome.[\/vc_column_text][vc_empty_space][vc_column_text] Gislaved as a place Perhaps you\u2019ve heard of the strong entrepreneurial spirit in the Gnosj\u00f6 [&hellip;]","og_url":"https:\/\/www.entergislaved.se\/en\/a-piece-of-smaland\/texts\/","og_site_name":"Enter Gislaved","article_modified_time":"2023-06-12T11:16:48+00:00","twitter_card":"summary_large_image","twitter_misc":{"Est. reading time":"4 minutes"},"schema":{"@context":"https:\/\/schema.org","@graph":[{"@type":"WebPage","@id":"https:\/\/www.entergislaved.se\/en\/a-piece-of-smaland\/texts\/","url":"https:\/\/www.entergislaved.se\/en\/a-piece-of-smaland\/texts\/","name":"Texts - Enter Gislaved","isPartOf":{"@id":"https:\/\/www.entergislaved.se\/en\/#website"},"datePublished":"2022-06-03T09:42:56+00:00","dateModified":"2023-06-12T11:16:48+00:00","breadcrumb":{"@id":"https:\/\/www.entergislaved.se\/en\/a-piece-of-smaland\/texts\/#breadcrumb"},"inLanguage":"en-US","potentialAction":[{"@type":"ReadAction","target":["https:\/\/www.entergislaved.se\/en\/a-piece-of-smaland\/texts\/"]}]},{"@type":"BreadcrumbList","@id":"https:\/\/www.entergislaved.se\/en\/a-piece-of-smaland\/texts\/#breadcrumb","itemListElement":[{"@type":"ListItem","position":1,"name":"A piece of Sm\u00e5land","item":"https:\/\/www.entergislaved.se\/en\/?page_id=6103"},{"@type":"ListItem","position":2,"name":"Texts"}]},{"@type":"WebSite","@id":"https:\/\/www.entergislaved.se\/en\/#website","url":"https:\/\/www.entergislaved.se\/en\/","name":"Enter Gislaved","description":"Till din tj\u00e4nst","potentialAction":[{"@type":"SearchAction","target":{"@type":"EntryPoint","urlTemplate":"https:\/\/www.entergislaved.se\/en\/?s={search_term_string}"},"query-input":{"@type":"PropertyValueSpecification","valueRequired":true,"valueName":"search_term_string"}}],"inLanguage":"en-US"}]}},"_links":{"self":[{"href":"https:\/\/www.entergislaved.se\/en\/wp-json\/wp\/v2\/pages\/6196","targetHints":{"allow":["GET"]}}],"collection":[{"href":"https:\/\/www.entergislaved.se\/en\/wp-json\/wp\/v2\/pages"}],"about":[{"href":"https:\/\/www.entergislaved.se\/en\/wp-json\/wp\/v2\/types\/page"}],"author":[{"embeddable":true,"href":"https:\/\/www.entergislaved.se\/en\/wp-json\/wp\/v2\/users\/9"}],"replies":[{"embeddable":true,"href":"https:\/\/www.entergislaved.se\/en\/wp-json\/wp\/v2\/comments?post=6196"}],"version-history":[{"count":4,"href":"https:\/\/www.entergislaved.se\/en\/wp-json\/wp\/v2\/pages\/6196\/revisions"}],"predecessor-version":[{"id":6443,"href":"https:\/\/www.entergislaved.se\/en\/wp-json\/wp\/v2\/pages\/6196\/revisions\/6443"}],"up":[{"embeddable":true,"href":"https:\/\/www.entergislaved.se\/en\/wp-json\/wp\/v2\/pages\/6103"}],"wp:attachment":[{"href":"https:\/\/www.entergislaved.se\/en\/wp-json\/wp\/v2\/media?parent=6196"}],"curies":[{"name":"wp","href":"https:\/\/api.w.org\/{rel}","templated":true}]}}