{"id":6778,"date":"2023-09-18T10:56:49","date_gmt":"2023-09-18T08:56:49","guid":{"rendered":"https:\/\/www.entergislaved.se\/?page_id=6778"},"modified":"2023-09-18T13:57:25","modified_gmt":"2023-09-18T11:57:25","slug":"cll-center-for-lifelong-learning","status":"publish","type":"page","link":"https:\/\/www.entergislaved.se\/en\/cll-center-for-lifelong-learning\/","title":{"rendered":"CLL &#8211; Center for lifelong learning"},"content":{"rendered":"<div class=\"wpb-content-wrapper\"><p>[vc_row el_class=&#8221;puff-subpage-3&#8243;][vc_column width=&#8221;2\/3&#8243;][vc_column_text css=&#8221;.vc_custom_1695027019295{margin-bottom: 30px !important;}&#8221;]<\/p>\n<h1><strong>CLL &#8211; Center for lifelong learning<\/strong><\/h1>\n<p>[\/vc_column_text][vc_column_text]The Center for lifelong learning (CLL) offers all adults in Gislaved municipality the opportunity to increase their skills. Here, both SFI (Swedish for immigrants) is offered, the opportunity to supplement knowledge that corresponds to primary school and courses at upper secondary school, as well as courses and programs at the University at home.<\/p>\n<p>Together with CLL, we at Enter carry out company visits and follow up on the needs and requests for local education at adult level. Together with companies and CLL, we can also create new training based on the companies&#8217; wishes and needs.<\/p>\n<p><a href=\"https:\/\/gislaved.se\/utbildning-och-barnomsorg\/vuxenutbildning---centrum-for-livslangt-larande\/om-vuxenutbildningen\" target=\"_blank\" rel=\"noopener\">Read more about CLL<\/a>[\/vc_column_text][vc_column_text]<a href=\"https:\/\/gislaved.se\/utbildning-och-barnomsorg\/vuxenutbildning---centrum-for-livslangt-larande\/vara-utbildningar\/yrkeshogskola-och-hogskola\/kurser-hogskolan-pa-hemmaplan\" target=\"_blank\" rel=\"noopener\">Read more about which courses are offered at the University at home<\/a>[\/vc_column_text][vc_separator color=&#8221;white&#8221;]\n    <a href=\"https:\/\/www.entergislaved.se\/en\/skal-samverkan-skola-arbetsliv\/\" class=\"image-block-entrance\" aria-label=\"SKAL\">\n      <span role=\"img\" aria-label=\"\" class=\"image-block-entrance__image\" style=\"background-image: url(https:\/\/www.entergislaved.se\/wp-content\/uploads\/2022\/06\/IMG_20191113_094709-scaled.jpg);\"><\/span>\n      <div class=\"image-block-entrance__link-text\"><i class=\"icon-arrow\"><\/i>SKAL<\/div>\n    <\/a>\n  \n    <a href=\"https:\/\/www.entergislaved.se\/en\/prao\/\" class=\"image-block-entrance\" aria-label=\"PRAO\">\n      <span role=\"img\" aria-label=\"\" class=\"image-block-entrance__image\" style=\"background-image: url(https:\/\/www.entergislaved.se\/wp-content\/uploads\/2023\/09\/Prao-puff.jpg);\"><\/span>\n      <div class=\"image-block-entrance__link-text\"><i class=\"icon-arrow\"><\/i>PRAO<\/div>\n    <\/a>\n  \n    <a href=\"https:\/\/www.entergislaved.se\/en\/cll-center-for-lifelong-learning\/\" class=\"image-block-entrance\" aria-label=\"CLL\">\n      <span role=\"img\" aria-label=\"\" class=\"image-block-entrance__image\" style=\"background-image: url(https:\/\/www.entergislaved.se\/wp-content\/uploads\/2023\/09\/CLL-960.jpg);\"><\/span>\n      <div class=\"image-block-entrance__link-text\"><i class=\"icon-arrow\"><\/i>CLL<\/div>\n    <\/a>\n  \n    <a href=\"https:\/\/www.entergislaved.se\/en\/ung-foretagsamhet\/\" class=\"image-block-entrance\" aria-label=\"Ung F\u00f6retagsamhet\">\n      <span role=\"img\" aria-label=\"\" class=\"image-block-entrance__image\" style=\"background-image: url(https:\/\/www.entergislaved.se\/wp-content\/uploads\/2023\/09\/UF-960.jpg);\"><\/span>\n      <div class=\"image-block-entrance__link-text\"><i class=\"icon-arrow\"><\/i>Ung F\u00f6retagsamhet<\/div>\n    <\/a>\n  \n    <a href=\"https:\/\/www.entergislaved.se\/en\/ungdrive\/\" class=\"image-block-entrance\" aria-label=\"UngDrive\">\n      <span role=\"img\" aria-label=\"\" class=\"image-block-entrance__image\" style=\"background-image: url(https:\/\/www.entergislaved.se\/wp-content\/uploads\/2023\/09\/UngDrive-960.jpg);\"><\/span>\n      <div class=\"image-block-entrance__link-text\"><i class=\"icon-arrow\"><\/i>UngDrive<\/div>\n    <\/a>\n  \n    <a href=\"https:\/\/www.entergislaved.se\/en\/teknikcollege\/\" class=\"image-block-entrance\" aria-label=\"Teknikcollege\">\n      <span role=\"img\" aria-label=\"\" class=\"image-block-entrance__image\" style=\"background-image: url(https:\/\/www.entergislaved.se\/wp-content\/uploads\/2023\/09\/Kompetensutveckling_960.jpg);\"><\/span>\n      <div class=\"image-block-entrance__link-text\"><i class=\"icon-arrow\"><\/i>Teknikcollege<\/div>\n    <\/a>\n  [\/vc_column][vc_column width=&#8221;1\/3&#8243;]\n  <div class=\"subpage-contact-container custom-sidebar-block\">\n    <div class=\"subpage-contact-title\">\n      <h3>Contact us<\/h3>\n    <\/div>\n    <div class=\"subpage-contact-information-wrap\">\n      <div class=\"subpage-contact-single-info\">Stortorget 2<\/div>\n      <div class=\"subpage-contact-single-info\">332 30 Gislaved<\/div>\n      <div class=\"subpage-contact-single-info\"><a href=\"mailto:info@entergislaved.se\">info@entergislaved.se<\/a><\/div>\n      <div class=\"-single-info\"><a href=\"tel:+4637180600\">+46 371-806 00<\/a><\/div>\n      <div class=\"subpage-contact-single-info\"><\/div>\n    <\/div>\n  <\/div>\n  \n  <div class=\"subpage-extra-link-container custom-sidebar-block\">\n    <div class=\"subpage-extra-link-title\">\n      <h3>Good to know<\/h3>\n    <\/div>\n    <div class=\"subpage-extra-link-single\">\n      <a href=\"https:\/\/gislaved.se\/utbildning-och-barnomsorg\/skola-och-arbetsliv\/skal---skola-och-arbetsliv\"><strong>SKAL Gislaved Municipality<\/strong><\/a>\n      <a href=\"https:\/\/gislaved.se\/utbildning-och-barnomsorg\/skola-och-arbetsliv\/prao---praktisk-arbetslivsorientering\"><strong>PRAO Gislaved Municipality<\/strong><\/a>\n      <a href=\"https:\/\/gislaved.se\/utbildning-och-barnomsorg\/vuxenutbildning---centrum-for-livslangt-larande\/om-vuxenutbildningen\"><strong>CLL - Center for lifelong learning<\/strong><\/a>\n      <a href=\"https:\/\/ungforetagsamhet.se\/jonkoping\"><strong>Ung F\u00f6retagsamhet<\/strong> J\u00f6nk\u00f6ping County<\/a>\n      <a href=\"https:\/\/ungdrive.se\/\"><strong>UngDrive<\/strong><\/a>\n      <a href=\"https:\/\/teknikcollege.se\/vastra-smaland\"><strong>Teknikcollege<\/strong><\/a>\n      \n      \n      \n    <\/div>\n  <\/div>\n  [\/vc_column][\/vc_row][vc_row][vc_column width=&#8221;8\/12&#8243;][\/vc_column][vc_column width=&#8221;4\/12&#8243;][\/vc_column][\/vc_row]<\/p>\n<\/div>","protected":false},"excerpt":{"rendered":"<p>[vc_row el_class=&#8221;puff-subpage-3&#8243;][vc_column width=&#8221;2\/3&#8243;][vc_column_text css=&#8221;.vc_custom_1695027019295{margin-bottom: 30px !important;}&#8221;] CLL &#8211; Center for lifelong learning [\/vc_column_text][vc_column_text]The Center for lifelong learning (CLL) offers all adults in Gislaved municipality the opportunity to increase their skills. Here, both SFI (Swedish for immigrants) is offered, the opportunity to supplement knowledge that corresponds to primary school and courses at upper secondary school, as [&hellip;]<\/p>\n","protected":false},"author":9,"featured_media":6672,"parent":0,"menu_order":0,"comment_status":"closed","ping_status":"closed","template":"","meta":{"_acf_changed":false,"footnotes":""},"class_list":["post-6778","page","type-page","status-publish","has-post-thumbnail","hentry"],"acf":[],"yoast_head":"<!-- This site is optimized with the Yoast SEO plugin v27.5 - https:\/\/yoast.com\/product\/yoast-seo-wordpress\/ -->\n<title>CLL - Center for lifelong learning - Enter Gislaved<\/title>\n<meta name=\"robots\" content=\"index, follow, max-snippet:-1, max-image-preview:large, max-video-preview:-1\" \/>\n<link rel=\"canonical\" href=\"https:\/\/www.entergislaved.se\/en\/cll-center-for-lifelong-learning\/\" \/>\n<meta property=\"og:locale\" content=\"en_US\" \/>\n<meta property=\"og:type\" content=\"article\" \/>\n<meta property=\"og:title\" content=\"CLL - Center for lifelong learning - Enter Gislaved\" \/>\n<meta property=\"og:description\" content=\"[vc_row el_class=&#8221;puff-subpage-3&#8243;][vc_column width=&#8221;2\/3&#8243;][vc_column_text css=&#8221;.vc_custom_1695027019295{margin-bottom: 30px !important;}&#8221;] CLL &#8211; Center for lifelong learning [\/vc_column_text][vc_column_text]The Center for lifelong learning (CLL) offers all adults in Gislaved municipality the opportunity to increase their skills. Here, both SFI (Swedish for immigrants) is offered, the opportunity to supplement knowledge that corresponds to primary school and courses at upper secondary school, as [&hellip;]\" \/>\n<meta property=\"og:url\" content=\"https:\/\/www.entergislaved.se\/en\/cll-center-for-lifelong-learning\/\" \/>\n<meta property=\"og:site_name\" content=\"Enter Gislaved\" \/>\n<meta property=\"article:modified_time\" content=\"2023-09-18T11:57:25+00:00\" \/>\n<meta property=\"og:image\" content=\"https:\/\/www.entergislaved.se\/wp-content\/uploads\/2023\/09\/CLL-2560.jpg\" \/>\n\t<meta property=\"og:image:width\" content=\"2560\" \/>\n\t<meta property=\"og:image:height\" content=\"1027\" \/>\n\t<meta property=\"og:image:type\" content=\"image\/jpeg\" \/>\n<meta name=\"twitter:card\" content=\"summary_large_image\" \/>\n<meta name=\"twitter:label1\" content=\"Est. reading time\" \/>\n\t<meta name=\"twitter:data1\" content=\"1 minute\" \/>\n<script type=\"application\/ld+json\" class=\"yoast-schema-graph\">{\"@context\":\"https:\\\/\\\/schema.org\",\"@graph\":[{\"@type\":\"WebPage\",\"@id\":\"https:\\\/\\\/www.entergislaved.se\\\/en\\\/cll-center-for-lifelong-learning\\\/\",\"url\":\"https:\\\/\\\/www.entergislaved.se\\\/en\\\/cll-center-for-lifelong-learning\\\/\",\"name\":\"CLL - Center for lifelong learning - Enter Gislaved\",\"isPartOf\":{\"@id\":\"https:\\\/\\\/www.entergislaved.se\\\/en\\\/#website\"},\"primaryImageOfPage\":{\"@id\":\"https:\\\/\\\/www.entergislaved.se\\\/en\\\/cll-center-for-lifelong-learning\\\/#primaryimage\"},\"image\":{\"@id\":\"https:\\\/\\\/www.entergislaved.se\\\/en\\\/cll-center-for-lifelong-learning\\\/#primaryimage\"},\"thumbnailUrl\":\"https:\\\/\\\/www.entergislaved.se\\\/wp-content\\\/uploads\\\/2023\\\/09\\\/CLL-2560.jpg\",\"datePublished\":\"2023-09-18T08:56:49+00:00\",\"dateModified\":\"2023-09-18T11:57:25+00:00\",\"inLanguage\":\"en-US\",\"potentialAction\":[{\"@type\":\"ReadAction\",\"target\":[\"https:\\\/\\\/www.entergislaved.se\\\/en\\\/cll-center-for-lifelong-learning\\\/\"]}]},{\"@type\":\"ImageObject\",\"inLanguage\":\"en-US\",\"@id\":\"https:\\\/\\\/www.entergislaved.se\\\/en\\\/cll-center-for-lifelong-learning\\\/#primaryimage\",\"url\":\"https:\\\/\\\/www.entergislaved.se\\\/wp-content\\\/uploads\\\/2023\\\/09\\\/CLL-2560.jpg\",\"contentUrl\":\"https:\\\/\\\/www.entergislaved.se\\\/wp-content\\\/uploads\\\/2023\\\/09\\\/CLL-2560.jpg\",\"width\":2560,\"height\":1027,\"caption\":\"CLL Centrum f\u00f6r livsl\u00e5ngt l\u00e4rande Gislaveds kommun\"},{\"@type\":\"WebSite\",\"@id\":\"https:\\\/\\\/www.entergislaved.se\\\/en\\\/#website\",\"url\":\"https:\\\/\\\/www.entergislaved.se\\\/en\\\/\",\"name\":\"Enter Gislaved\",\"description\":\"Till din tj\u00e4nst\",\"potentialAction\":[{\"@type\":\"SearchAction\",\"target\":{\"@type\":\"EntryPoint\",\"urlTemplate\":\"https:\\\/\\\/www.entergislaved.se\\\/en\\\/?s={search_term_string}\"},\"query-input\":{\"@type\":\"PropertyValueSpecification\",\"valueRequired\":true,\"valueName\":\"search_term_string\"}}],\"inLanguage\":\"en-US\"}]}<\/script>\n<!-- \/ Yoast SEO plugin. -->","yoast_head_json":{"title":"CLL - Center for lifelong learning - Enter Gislaved","robots":{"index":"index","follow":"follow","max-snippet":"max-snippet:-1","max-image-preview":"max-image-preview:large","max-video-preview":"max-video-preview:-1"},"canonical":"https:\/\/www.entergislaved.se\/en\/cll-center-for-lifelong-learning\/","og_locale":"en_US","og_type":"article","og_title":"CLL - Center for lifelong learning - Enter Gislaved","og_description":"[vc_row el_class=&#8221;puff-subpage-3&#8243;][vc_column width=&#8221;2\/3&#8243;][vc_column_text css=&#8221;.vc_custom_1695027019295{margin-bottom: 30px !important;}&#8221;] CLL &#8211; Center for lifelong learning [\/vc_column_text][vc_column_text]The Center for lifelong learning (CLL) offers all adults in Gislaved municipality the opportunity to increase their skills. Here, both SFI (Swedish for immigrants) is offered, the opportunity to supplement knowledge that corresponds to primary school and courses at upper secondary school, as [&hellip;]","og_url":"https:\/\/www.entergislaved.se\/en\/cll-center-for-lifelong-learning\/","og_site_name":"Enter Gislaved","article_modified_time":"2023-09-18T11:57:25+00:00","og_image":[{"width":2560,"height":1027,"url":"https:\/\/www.entergislaved.se\/wp-content\/uploads\/2023\/09\/CLL-2560.jpg","type":"image\/jpeg"}],"twitter_card":"summary_large_image","twitter_misc":{"Est. reading time":"1 minute"},"schema":{"@context":"https:\/\/schema.org","@graph":[{"@type":"WebPage","@id":"https:\/\/www.entergislaved.se\/en\/cll-center-for-lifelong-learning\/","url":"https:\/\/www.entergislaved.se\/en\/cll-center-for-lifelong-learning\/","name":"CLL - Center for lifelong learning - Enter Gislaved","isPartOf":{"@id":"https:\/\/www.entergislaved.se\/en\/#website"},"primaryImageOfPage":{"@id":"https:\/\/www.entergislaved.se\/en\/cll-center-for-lifelong-learning\/#primaryimage"},"image":{"@id":"https:\/\/www.entergislaved.se\/en\/cll-center-for-lifelong-learning\/#primaryimage"},"thumbnailUrl":"https:\/\/www.entergislaved.se\/wp-content\/uploads\/2023\/09\/CLL-2560.jpg","datePublished":"2023-09-18T08:56:49+00:00","dateModified":"2023-09-18T11:57:25+00:00","inLanguage":"en-US","potentialAction":[{"@type":"ReadAction","target":["https:\/\/www.entergislaved.se\/en\/cll-center-for-lifelong-learning\/"]}]},{"@type":"ImageObject","inLanguage":"en-US","@id":"https:\/\/www.entergislaved.se\/en\/cll-center-for-lifelong-learning\/#primaryimage","url":"https:\/\/www.entergislaved.se\/wp-content\/uploads\/2023\/09\/CLL-2560.jpg","contentUrl":"https:\/\/www.entergislaved.se\/wp-content\/uploads\/2023\/09\/CLL-2560.jpg","width":2560,"height":1027,"caption":"CLL Centrum f\u00f6r livsl\u00e5ngt l\u00e4rande Gislaveds kommun"},{"@type":"WebSite","@id":"https:\/\/www.entergislaved.se\/en\/#website","url":"https:\/\/www.entergislaved.se\/en\/","name":"Enter Gislaved","description":"Till din tj\u00e4nst","potentialAction":[{"@type":"SearchAction","target":{"@type":"EntryPoint","urlTemplate":"https:\/\/www.entergislaved.se\/en\/?s={search_term_string}"},"query-input":{"@type":"PropertyValueSpecification","valueRequired":true,"valueName":"search_term_string"}}],"inLanguage":"en-US"}]}},"_links":{"self":[{"href":"https:\/\/www.entergislaved.se\/en\/wp-json\/wp\/v2\/pages\/6778","targetHints":{"allow":["GET"]}}],"collection":[{"href":"https:\/\/www.entergislaved.se\/en\/wp-json\/wp\/v2\/pages"}],"about":[{"href":"https:\/\/www.entergislaved.se\/en\/wp-json\/wp\/v2\/types\/page"}],"author":[{"embeddable":true,"href":"https:\/\/www.entergislaved.se\/en\/wp-json\/wp\/v2\/users\/9"}],"replies":[{"embeddable":true,"href":"https:\/\/www.entergislaved.se\/en\/wp-json\/wp\/v2\/comments?post=6778"}],"version-history":[{"count":5,"href":"https:\/\/www.entergislaved.se\/en\/wp-json\/wp\/v2\/pages\/6778\/revisions"}],"predecessor-version":[{"id":6803,"href":"https:\/\/www.entergislaved.se\/en\/wp-json\/wp\/v2\/pages\/6778\/revisions\/6803"}],"wp:featuredmedia":[{"embeddable":true,"href":"https:\/\/www.entergislaved.se\/en\/wp-json\/wp\/v2\/media\/6672"}],"wp:attachment":[{"href":"https:\/\/www.entergislaved.se\/en\/wp-json\/wp\/v2\/media?parent=6778"}],"curies":[{"name":"wp","href":"https:\/\/api.w.org\/{rel}","templated":true}]}}