{"id":6783,"date":"2023-09-18T11:08:02","date_gmt":"2023-09-18T09:08:02","guid":{"rendered":"https:\/\/www.entergislaved.se\/?page_id=6783"},"modified":"2023-09-18T14:01:41","modified_gmt":"2023-09-18T12:01:41","slug":"ung-foretagsamhet","status":"publish","type":"page","link":"https:\/\/www.entergislaved.se\/en\/ung-foretagsamhet\/","title":{"rendered":"Ung F\u00f6retagsamhet"},"content":{"rendered":"<div class=\"wpb-content-wrapper\"><p>[vc_row el_class=&#8221;puff-subpage-3&#8243;][vc_column width=&#8221;2\/3&#8243;][vc_column_text css=&#8221;.vc_custom_1695027889467{margin-bottom: 30px !important;}&#8221;]<\/p>\n<h1><strong>Ung F\u00f6retagsamhet<\/strong><\/h1>\n<p>[\/vc_column_text][vc_column_text]Ung F\u00f6retagsamhet gives children and young people the opportunity to train and develop their creativity, enterprise and entrepreneurship.<\/p>\n<p>UF entrepreneurship is an education where high school students are allowed to run their own companies for one year, with real goods and services and with real money. All UF companies have a responsible UF teacher who has been trained by Ung F\u00f6retagsamhet.<\/p>\n<p>During their UF year, the young people develop in collaboration, responsibility, creativity and entrepreneurship.<\/p>\n<p>Together with Gislaved&#8217;s high school, and partly Stora Segerstad, Enter offers support to the schools and students in the form of advice and sales training. Together with the organization Gislaved Region&#8217;s Innovation &amp; Design, we have also organized the dragon&#8217;s nest once a year.<\/p>\n<p><a href=\"https:\/\/ungforetagsamhet.se\/jonkoping\" target=\"_blank\" rel=\"noopener\">Read more about Ung F\u00f6retagsamhet in J\u00f6nk\u00f6ping County<\/a>[\/vc_column_text][vc_separator color=&#8221;white&#8221;]\n    <a href=\"https:\/\/www.entergislaved.se\/en\/skal-samverkan-skola-arbetsliv\/\" class=\"image-block-entrance\" aria-label=\"SKAL\">\n      <span role=\"img\" aria-label=\"\" class=\"image-block-entrance__image\" style=\"background-image: url(https:\/\/www.entergislaved.se\/wp-content\/uploads\/2022\/06\/IMG_20191113_094709-scaled.jpg);\"><\/span>\n      <div class=\"image-block-entrance__link-text\"><i class=\"icon-arrow\"><\/i>SKAL<\/div>\n    <\/a>\n  \n    <a href=\"https:\/\/www.entergislaved.se\/en\/prao\/\" class=\"image-block-entrance\" aria-label=\"PRAO\">\n      <span role=\"img\" aria-label=\"\" class=\"image-block-entrance__image\" style=\"background-image: url(https:\/\/www.entergislaved.se\/wp-content\/uploads\/2023\/09\/Prao-puff.jpg);\"><\/span>\n      <div class=\"image-block-entrance__link-text\"><i class=\"icon-arrow\"><\/i>PRAO<\/div>\n    <\/a>\n  \n    <a href=\"https:\/\/www.entergislaved.se\/en\/cll-center-for-lifelong-learning\/\" class=\"image-block-entrance\" aria-label=\"CLL\">\n      <span role=\"img\" aria-label=\"\" class=\"image-block-entrance__image\" style=\"background-image: url(https:\/\/www.entergislaved.se\/wp-content\/uploads\/2023\/09\/CLL-960.jpg);\"><\/span>\n      <div class=\"image-block-entrance__link-text\"><i class=\"icon-arrow\"><\/i>CLL<\/div>\n    <\/a>\n  \n    <a href=\"https:\/\/www.entergislaved.se\/en\/ung-foretagsamhet\/\" class=\"image-block-entrance\" aria-label=\"Ung F\u00f6retagsamhet\">\n      <span role=\"img\" aria-label=\"\" class=\"image-block-entrance__image\" style=\"background-image: url(https:\/\/www.entergislaved.se\/wp-content\/uploads\/2023\/09\/UF-960.jpg);\"><\/span>\n      <div class=\"image-block-entrance__link-text\"><i class=\"icon-arrow\"><\/i>Ung F\u00f6retagsamhet<\/div>\n    <\/a>\n  \n    <a href=\"https:\/\/www.entergislaved.se\/en\/ungdrive\/\" class=\"image-block-entrance\" aria-label=\"UngDrive\">\n      <span role=\"img\" aria-label=\"\" class=\"image-block-entrance__image\" style=\"background-image: url(https:\/\/www.entergislaved.se\/wp-content\/uploads\/2023\/09\/UngDrive-960.jpg);\"><\/span>\n      <div class=\"image-block-entrance__link-text\"><i class=\"icon-arrow\"><\/i>UngDrive<\/div>\n    <\/a>\n  \n    <a href=\"https:\/\/www.entergislaved.se\/en\/teknikcollege\/\" class=\"image-block-entrance\" aria-label=\"Teknikcollege\">\n      <span role=\"img\" aria-label=\"\" class=\"image-block-entrance__image\" style=\"background-image: url(https:\/\/www.entergislaved.se\/wp-content\/uploads\/2023\/09\/Kompetensutveckling_960.jpg);\"><\/span>\n      <div class=\"image-block-entrance__link-text\"><i class=\"icon-arrow\"><\/i>Teknikcollege<\/div>\n    <\/a>\n  [\/vc_column][vc_column width=&#8221;1\/3&#8243;]\n  <div class=\"subpage-contact-container custom-sidebar-block\">\n    <div class=\"subpage-contact-title\">\n      <h3>Contact us<\/h3>\n    <\/div>\n    <div class=\"subpage-contact-information-wrap\">\n      <div class=\"subpage-contact-single-info\">Stortorget 2<\/div>\n      <div class=\"subpage-contact-single-info\">332 30 Gislaved<\/div>\n      <div class=\"subpage-contact-single-info\"><a href=\"mailto:info@entergislaved.se\">info@entergislaved.se<\/a><\/div>\n      <div class=\"-single-info\"><a href=\"tel:+4637180600\">+46 371-806 00<\/a><\/div>\n      <div class=\"subpage-contact-single-info\"><\/div>\n    <\/div>\n  <\/div>\n  \n  <div class=\"subpage-extra-link-container custom-sidebar-block\">\n    <div class=\"subpage-extra-link-title\">\n      <h3>Good to know<\/h3>\n    <\/div>\n    <div class=\"subpage-extra-link-single\">\n      <a href=\"https:\/\/gislaved.se\/utbildning-och-barnomsorg\/skola-och-arbetsliv\/skal---skola-och-arbetsliv\"><strong>SKAL Gislaved Municipality<\/strong><\/a>\n      <a href=\"https:\/\/gislaved.se\/utbildning-och-barnomsorg\/skola-och-arbetsliv\/prao---praktisk-arbetslivsorientering\"><strong>PRAO Gislaved Municipality<\/strong><\/a>\n      <a href=\"https:\/\/gislaved.se\/utbildning-och-barnomsorg\/vuxenutbildning---centrum-for-livslangt-larande\/om-vuxenutbildningen\"><strong>CLL - Center for lifelong learning<\/strong><\/a>\n      <a href=\"https:\/\/ungforetagsamhet.se\/jonkoping\"><strong>Ung F\u00f6retagsamhet<\/strong> J\u00f6nk\u00f6ping County<\/a>\n      <a href=\"https:\/\/ungdrive.se\/\"><strong>UngDrive<\/strong><\/a>\n      <a href=\"https:\/\/teknikcollege.se\/vastra-smaland\"><strong>Teknikcollege<\/strong><\/a>\n      \n      \n      \n    <\/div>\n  <\/div>\n  [\/vc_column][\/vc_row][vc_row][vc_column width=&#8221;8\/12&#8243;][\/vc_column][vc_column width=&#8221;4\/12&#8243;][\/vc_column][\/vc_row]<\/p>\n<\/div>","protected":false},"excerpt":{"rendered":"<p>[vc_row el_class=&#8221;puff-subpage-3&#8243;][vc_column width=&#8221;2\/3&#8243;][vc_column_text css=&#8221;.vc_custom_1695027889467{margin-bottom: 30px !important;}&#8221;] Ung F\u00f6retagsamhet [\/vc_column_text][vc_column_text]Ung F\u00f6retagsamhet gives children and young people the opportunity to train and develop their creativity, enterprise and entrepreneurship. UF entrepreneurship is an education where high school students are allowed to run their own companies for one year, with real goods and services and with real money. All [&hellip;]<\/p>\n","protected":false},"author":9,"featured_media":6677,"parent":0,"menu_order":0,"comment_status":"closed","ping_status":"closed","template":"","meta":{"_acf_changed":false,"footnotes":""},"class_list":["post-6783","page","type-page","status-publish","has-post-thumbnail","hentry"],"acf":[],"yoast_head":"<!-- This site is optimized with the Yoast SEO plugin v27.5 - https:\/\/yoast.com\/product\/yoast-seo-wordpress\/ -->\n<title>Ung F\u00f6retagsamhet - Enter Gislaved<\/title>\n<meta name=\"robots\" content=\"index, follow, max-snippet:-1, max-image-preview:large, max-video-preview:-1\" \/>\n<link rel=\"canonical\" href=\"https:\/\/www.entergislaved.se\/en\/ung-foretagsamhet\/\" \/>\n<meta property=\"og:locale\" content=\"en_US\" \/>\n<meta property=\"og:type\" content=\"article\" \/>\n<meta property=\"og:title\" content=\"Ung F\u00f6retagsamhet - Enter Gislaved\" \/>\n<meta property=\"og:description\" content=\"[vc_row el_class=&#8221;puff-subpage-3&#8243;][vc_column width=&#8221;2\/3&#8243;][vc_column_text css=&#8221;.vc_custom_1695027889467{margin-bottom: 30px !important;}&#8221;] Ung F\u00f6retagsamhet [\/vc_column_text][vc_column_text]Ung F\u00f6retagsamhet gives children and young people the opportunity to train and develop their creativity, enterprise and entrepreneurship. UF entrepreneurship is an education where high school students are allowed to run their own companies for one year, with real goods and services and with real money. All [&hellip;]\" \/>\n<meta property=\"og:url\" content=\"https:\/\/www.entergislaved.se\/en\/ung-foretagsamhet\/\" \/>\n<meta property=\"og:site_name\" content=\"Enter Gislaved\" \/>\n<meta property=\"article:modified_time\" content=\"2023-09-18T12:01:41+00:00\" \/>\n<meta property=\"og:image\" content=\"https:\/\/www.entergislaved.se\/wp-content\/uploads\/2023\/09\/UF-2560.jpg\" \/>\n\t<meta property=\"og:image:width\" content=\"2560\" \/>\n\t<meta property=\"og:image:height\" content=\"1026\" \/>\n\t<meta property=\"og:image:type\" content=\"image\/jpeg\" \/>\n<meta name=\"twitter:card\" content=\"summary_large_image\" \/>\n<meta name=\"twitter:label1\" content=\"Est. reading time\" \/>\n\t<meta name=\"twitter:data1\" content=\"2 minutes\" \/>\n<script type=\"application\/ld+json\" class=\"yoast-schema-graph\">{\"@context\":\"https:\\\/\\\/schema.org\",\"@graph\":[{\"@type\":\"WebPage\",\"@id\":\"https:\\\/\\\/www.entergislaved.se\\\/en\\\/ung-foretagsamhet\\\/\",\"url\":\"https:\\\/\\\/www.entergislaved.se\\\/en\\\/ung-foretagsamhet\\\/\",\"name\":\"Ung F\u00f6retagsamhet - Enter Gislaved\",\"isPartOf\":{\"@id\":\"https:\\\/\\\/www.entergislaved.se\\\/en\\\/#website\"},\"primaryImageOfPage\":{\"@id\":\"https:\\\/\\\/www.entergislaved.se\\\/en\\\/ung-foretagsamhet\\\/#primaryimage\"},\"image\":{\"@id\":\"https:\\\/\\\/www.entergislaved.se\\\/en\\\/ung-foretagsamhet\\\/#primaryimage\"},\"thumbnailUrl\":\"https:\\\/\\\/www.entergislaved.se\\\/wp-content\\\/uploads\\\/2023\\\/09\\\/UF-2560.jpg\",\"datePublished\":\"2023-09-18T09:08:02+00:00\",\"dateModified\":\"2023-09-18T12:01:41+00:00\",\"inLanguage\":\"en-US\",\"potentialAction\":[{\"@type\":\"ReadAction\",\"target\":[\"https:\\\/\\\/www.entergislaved.se\\\/en\\\/ung-foretagsamhet\\\/\"]}]},{\"@type\":\"ImageObject\",\"inLanguage\":\"en-US\",\"@id\":\"https:\\\/\\\/www.entergislaved.se\\\/en\\\/ung-foretagsamhet\\\/#primaryimage\",\"url\":\"https:\\\/\\\/www.entergislaved.se\\\/wp-content\\\/uploads\\\/2023\\\/09\\\/UF-2560.jpg\",\"contentUrl\":\"https:\\\/\\\/www.entergislaved.se\\\/wp-content\\\/uploads\\\/2023\\\/09\\\/UF-2560.jpg\",\"width\":2560,\"height\":1026,\"caption\":\"Ung F\u00f6retagsamhet\"},{\"@type\":\"WebSite\",\"@id\":\"https:\\\/\\\/www.entergislaved.se\\\/en\\\/#website\",\"url\":\"https:\\\/\\\/www.entergislaved.se\\\/en\\\/\",\"name\":\"Enter Gislaved\",\"description\":\"Till din tj\u00e4nst\",\"potentialAction\":[{\"@type\":\"SearchAction\",\"target\":{\"@type\":\"EntryPoint\",\"urlTemplate\":\"https:\\\/\\\/www.entergislaved.se\\\/en\\\/?s={search_term_string}\"},\"query-input\":{\"@type\":\"PropertyValueSpecification\",\"valueRequired\":true,\"valueName\":\"search_term_string\"}}],\"inLanguage\":\"en-US\"}]}<\/script>\n<!-- \/ Yoast SEO plugin. -->","yoast_head_json":{"title":"Ung F\u00f6retagsamhet - Enter Gislaved","robots":{"index":"index","follow":"follow","max-snippet":"max-snippet:-1","max-image-preview":"max-image-preview:large","max-video-preview":"max-video-preview:-1"},"canonical":"https:\/\/www.entergislaved.se\/en\/ung-foretagsamhet\/","og_locale":"en_US","og_type":"article","og_title":"Ung F\u00f6retagsamhet - Enter Gislaved","og_description":"[vc_row el_class=&#8221;puff-subpage-3&#8243;][vc_column width=&#8221;2\/3&#8243;][vc_column_text css=&#8221;.vc_custom_1695027889467{margin-bottom: 30px !important;}&#8221;] Ung F\u00f6retagsamhet [\/vc_column_text][vc_column_text]Ung F\u00f6retagsamhet gives children and young people the opportunity to train and develop their creativity, enterprise and entrepreneurship. UF entrepreneurship is an education where high school students are allowed to run their own companies for one year, with real goods and services and with real money. All [&hellip;]","og_url":"https:\/\/www.entergislaved.se\/en\/ung-foretagsamhet\/","og_site_name":"Enter Gislaved","article_modified_time":"2023-09-18T12:01:41+00:00","og_image":[{"width":2560,"height":1026,"url":"https:\/\/www.entergislaved.se\/wp-content\/uploads\/2023\/09\/UF-2560.jpg","type":"image\/jpeg"}],"twitter_card":"summary_large_image","twitter_misc":{"Est. reading time":"2 minutes"},"schema":{"@context":"https:\/\/schema.org","@graph":[{"@type":"WebPage","@id":"https:\/\/www.entergislaved.se\/en\/ung-foretagsamhet\/","url":"https:\/\/www.entergislaved.se\/en\/ung-foretagsamhet\/","name":"Ung F\u00f6retagsamhet - Enter Gislaved","isPartOf":{"@id":"https:\/\/www.entergislaved.se\/en\/#website"},"primaryImageOfPage":{"@id":"https:\/\/www.entergislaved.se\/en\/ung-foretagsamhet\/#primaryimage"},"image":{"@id":"https:\/\/www.entergislaved.se\/en\/ung-foretagsamhet\/#primaryimage"},"thumbnailUrl":"https:\/\/www.entergislaved.se\/wp-content\/uploads\/2023\/09\/UF-2560.jpg","datePublished":"2023-09-18T09:08:02+00:00","dateModified":"2023-09-18T12:01:41+00:00","inLanguage":"en-US","potentialAction":[{"@type":"ReadAction","target":["https:\/\/www.entergislaved.se\/en\/ung-foretagsamhet\/"]}]},{"@type":"ImageObject","inLanguage":"en-US","@id":"https:\/\/www.entergislaved.se\/en\/ung-foretagsamhet\/#primaryimage","url":"https:\/\/www.entergislaved.se\/wp-content\/uploads\/2023\/09\/UF-2560.jpg","contentUrl":"https:\/\/www.entergislaved.se\/wp-content\/uploads\/2023\/09\/UF-2560.jpg","width":2560,"height":1026,"caption":"Ung F\u00f6retagsamhet"},{"@type":"WebSite","@id":"https:\/\/www.entergislaved.se\/en\/#website","url":"https:\/\/www.entergislaved.se\/en\/","name":"Enter Gislaved","description":"Till din tj\u00e4nst","potentialAction":[{"@type":"SearchAction","target":{"@type":"EntryPoint","urlTemplate":"https:\/\/www.entergislaved.se\/en\/?s={search_term_string}"},"query-input":{"@type":"PropertyValueSpecification","valueRequired":true,"valueName":"search_term_string"}}],"inLanguage":"en-US"}]}},"_links":{"self":[{"href":"https:\/\/www.entergislaved.se\/en\/wp-json\/wp\/v2\/pages\/6783","targetHints":{"allow":["GET"]}}],"collection":[{"href":"https:\/\/www.entergislaved.se\/en\/wp-json\/wp\/v2\/pages"}],"about":[{"href":"https:\/\/www.entergislaved.se\/en\/wp-json\/wp\/v2\/types\/page"}],"author":[{"embeddable":true,"href":"https:\/\/www.entergislaved.se\/en\/wp-json\/wp\/v2\/users\/9"}],"replies":[{"embeddable":true,"href":"https:\/\/www.entergislaved.se\/en\/wp-json\/wp\/v2\/comments?post=6783"}],"version-history":[{"count":3,"href":"https:\/\/www.entergislaved.se\/en\/wp-json\/wp\/v2\/pages\/6783\/revisions"}],"predecessor-version":[{"id":6807,"href":"https:\/\/www.entergislaved.se\/en\/wp-json\/wp\/v2\/pages\/6783\/revisions\/6807"}],"wp:featuredmedia":[{"embeddable":true,"href":"https:\/\/www.entergislaved.se\/en\/wp-json\/wp\/v2\/media\/6677"}],"wp:attachment":[{"href":"https:\/\/www.entergislaved.se\/en\/wp-json\/wp\/v2\/media?parent=6783"}],"curies":[{"name":"wp","href":"https:\/\/api.w.org\/{rel}","templated":true}]}}